{"id":947,"date":"2020-06-16T12:30:44","date_gmt":"2020-06-16T10:30:44","guid":{"rendered":"https:\/\/www.comup-agency.fr\/nddl\/?page_id=947"},"modified":"2020-06-16T12:50:14","modified_gmt":"2020-06-16T10:50:14","slug":"lycee","status":"publish","type":"page","link":"https:\/\/www.notre-dame-de-livoye.fr\/index.php\/lycee\/","title":{"rendered":"<span>Lyc\u00e9e<\/span>"},"content":{"rendered":"\n<p>Notre Dame de Livoye ne disposant pas d&#8217;\u00e9tablissement scolaire, vous trouverez ci-dessous, la liste des \u00e9tablissements les plus proches de votre commune<\/p>\n\n\n\n<figure class=\"wp-block-table is-style-stripes\"><table><tbody><tr><td>Liste des lyc\u00e9es pr\u00e8s de Notre-Dame-de-Livoye<\/td><\/tr><tr><td>Lyc\u00e9e Emile Littr\u00e9 \u00e0 Avranches <strong><span class=\"has-inline-color has-vivid-cyan-blue-color\">[~ 15.3 km]<\/span><\/strong><br>Lyc\u00e9e professionnel Notre Dame de la Providence \u00e0 Avranches <span class=\"has-inline-color has-vivid-cyan-blue-color\"><strong>[~ 15.4 km<\/strong>]<\/span><br>Lyc\u00e9e Agricole de la Baie du Mont Saint Michel \u00e0 Saint-Hilaire-du-Harcou\u00ebt <span class=\"has-inline-color has-vivid-cyan-blue-color\"><strong>[~ 24.6 km]<\/strong><\/span><\/td><\/tr><\/tbody><\/table><figcaption>Cliquez sur le nom des villes ci-dessous pour acc\u00e9der aux d\u00e9tails des \u00e9tablissements<\/figcaption><\/figure>\n\n\n\n<section id=\"section-77db96f2-60ef-4c46-bdda-0c541948427e\" class=\"wp-block-gutentor-tabs gutentor-section gutentor-tabs-wrapper tabs-template2 wow fadeIn has-gutentor-overlay animated tab-vertical\" data-wow-animation=\"fadeIn\" data-wow-delay=\"\" data-wow-speed=\"\" data-wow-iteration=\"1\"><div class=\"grid-container\"><div class=\"gutentor-tabs-container gutentor-grid-item-wrap wow animated rotateIn\" data-wow-animation=\"rotateIn\" data-wow-delay=\"\" data-wow-speed=\"\" data-wow-iteration=\"1\"><div class=\"gutentor-tabs tablist-center\"><span class=\"gutentor-tabs-list gutentor-single-item-0 gutentor-tab-active\" data-index=\"gutentor-single-item-0\"><div class=\"gutentor-single-item-tabs gutentor-single-item\"><em>D\u00e9tails par ville<\/em><\/div><\/span><span class=\"gutentor-tabs-list gutentor-single-item-1\" data-index=\"gutentor-single-item-1\"><div class=\"gutentor-single-item-tabs gutentor-single-item\"><strong>Avranches <\/strong>(Emile Littr\u00e9)<\/div><\/span><span class=\"gutentor-tabs-list gutentor-single-item-2\" data-index=\"gutentor-single-item-2\"><div class=\"gutentor-single-item-tabs gutentor-single-item\"><strong><strong>Avranches <\/strong><\/strong>(Notre Dame)<\/div><\/span><span class=\"gutentor-tabs-list gutentor-single-item-3\" data-index=\"gutentor-single-item-3\"><div class=\"gutentor-single-item-tabs gutentor-single-item\"><strong>Saint-Hilaire-du-Harcou\u00ebt<\/strong><\/div><\/span><\/div><div class=\"gutentor-tabs-content-wrap text-left\"><div class=\"gutentor-single-item gutentor-tabs-content gutentor-single-item-0 gutentor-tab-content-active\"><div class=\"gutentor-single-item-tabs gutentor-single-item\"><div class=\"gutentor-single-item-content\"><p><img loading=\"lazy\" width=\"1500\" height=\"1500\" class=\"wp-image-447\" style=\"width: 300px;\" src=\"https:\/\/www.notre-dame-de-livoye.fr\/wp-content\/uploads\/2020\/05\/Sans-titre-2.png\" alt=\"\"><\/p><\/div><\/div><\/div><div class=\"gutentor-single-item gutentor-tabs-content gutentor-single-item-1\"><div class=\"gutentor-single-item-tabs gutentor-single-item\"><div class=\"gutentor-single-item-content\"><p><strong>Adresse:<\/strong><br>28 rue de Verdun<br>50300 Avranches Cedex<br><strong><br>T\u00e9l\u00e9phone:<\/strong> 02 33 58 04 11<strong><br>E-mail:<\/strong> ce.0500002f@ac-caen.fr<br><strong><br>Site Internet:<\/strong> <a rel=\"noreferrer noopener\" href=\"http:\/\/littre.etab.ac-caen.fr\/\" target=\"_blank\">http:\/\/littre.etab.ac-caen.fr\/<\/a><br><br><strong>Acad\u00e9mie en charge:<\/strong> Caen<br><strong>Zone scolaire:<\/strong> Zone A<br><br><strong>R\u00e9seau d&#8217;\u00e9ducation prioritaire (REP):<\/strong> <span class=\"has-inline-color has-vivid-red-color\">Non<\/span><br><strong>R\u00e9seau d&#8217;\u00e9ducation prioritaire renforc\u00e9 (REP+):<\/strong> <span class=\"has-inline-color has-vivid-red-color\">Non<\/span><br><br><strong>Pr\u00e9sence d&#8217;un internat dans le lyc\u00e9e: <\/strong><span class=\"has-inline-color has-vivid-green-cyan-color\">Oui<\/span><strong><br>Pr\u00e9sence d&#8217;une Unit\u00e9 localis\u00e9e pour l&#8217;inclusion scolaire (Ulis): <\/strong><span class=\"has-inline-color has-vivid-red-color\">Non<\/span><br><strong><br>Label &#8220;Lyc\u00e9e des m\u00e9tiers&#8221;: <\/strong><span class=\"has-inline-color has-vivid-red-color\">Non<\/span><strong><br>Voies post-bac (classes pr\u00e9pas, etc.): <\/strong><span class=\"has-inline-color has-vivid-green-cyan-color\">Oui<\/span><strong><br>Voies d&#8217;apprentissage: <\/strong><span class=\"has-inline-color has-vivid-red-color\">Non<\/span><br><strong><br>Section sportive: <\/strong><span class=\"has-inline-color has-vivid-green-cyan-color\">Oui<\/span><strong><br>Section europ\u00e9enne ou de langue orientale: <\/strong><span class=\"has-inline-color has-vivid-green-cyan-color\">Oui<\/span><strong><br>Section internationale: <\/strong><span class=\"has-inline-color has-vivid-red-color\">Non<\/span><\/p><\/div><\/div><\/div><div class=\"gutentor-single-item gutentor-tabs-content gutentor-single-item-2\"><div class=\"gutentor-single-item-tabs gutentor-single-item\"><div class=\"gutentor-single-item-content\"><p><strong>Adresse:<\/strong><br>9 rue Chanoine B\u00e9ranger<br>50300 Avranches Cedex<br><strong><br>T\u00e9l\u00e9phone:<\/strong> 02 33 58 02 22<strong><br>E-mail:<\/strong> ce.0501787w@ac-caen.fr<br><strong><br>Site Internet:<\/strong> <a href=\"https:\/\/ndlpavranches.fr\/\">https:\/\/ndlpavranches.fr\/<\/a><br><br><strong>Acad\u00e9mie en charge:<\/strong> Caen<br><strong>Zone scolaire:<\/strong> Zone A<br><br><strong>R\u00e9seau d&#8217;\u00e9ducation prioritaire (REP):<\/strong> <span class=\"has-inline-color has-vivid-red-color\">Non<\/span><br><strong>R\u00e9seau d&#8217;\u00e9ducation prioritaire renforc\u00e9 (REP+):<\/strong> <span class=\"has-inline-color has-vivid-red-color\">Non<\/span><br><br><strong>Pr\u00e9sence d&#8217;un internat dans le lyc\u00e9e: <\/strong><span class=\"has-inline-color has-vivid-green-cyan-color\">Oui<\/span><strong><br>Pr\u00e9sence d&#8217;une Unit\u00e9 localis\u00e9e pour l&#8217;inclusion scolaire (Ulis): <\/strong><span class=\"has-inline-color has-vivid-red-color\">Non<\/span><br><strong><br>Label &#8220;Lyc\u00e9e des m\u00e9tiers&#8221;: <\/strong><span class=\"has-inline-color has-vivid-red-color\">Non<\/span><strong><br>Voies post-bac (classes pr\u00e9pas, etc.): <\/strong><span class=\"has-inline-color has-vivid-red-color\">Non<\/span><strong><br>Voies d&#8217;apprentissage: <\/strong><span class=\"has-inline-color has-vivid-red-color\">Non<\/span><br><strong><br>Section sportive: <\/strong><span class=\"has-inline-color has-vivid-red-color\">Non<\/span><strong><br>Section europ\u00e9enne ou de langue orientale: <\/strong><span class=\"has-inline-color has-vivid-green-cyan-color\">Oui<\/span><strong><br>Section internationale: <\/strong><span class=\"has-inline-color has-vivid-red-color\">Non<\/span><\/p><\/div><\/div><\/div><div class=\"gutentor-single-item gutentor-tabs-content gutentor-single-item-3\"><div class=\"gutentor-single-item-tabs gutentor-single-item\"><div class=\"gutentor-single-item-content\"><p><strong>Adresse:<\/strong><br>Route de Foug\u00e8res<br>50600 Saint-Hilaire-du-Harcou\u00ebt<br><strong><br>T\u00e9l\u00e9phone:<\/strong> 02 33 91 02 20<strong><br>E-mail:<\/strong> lpa.st-hilaire@educagri.fr<br><strong><br>Site Internet:<\/strong> <a href=\"http:\/\/www.lycee-agricole-de-la-baie-du-mont-saint-michel.fr\/\">http:\/\/www.lycee-agricole-de-la-baie-du-mont-saint-michel.fr\/<\/a><br><br><strong>Acad\u00e9mie en charge:<\/strong> Caen<br><strong>Zone scolaire:<\/strong> Zone A<br><br><strong>R\u00e9seau d&#8217;\u00e9ducation prioritaire (REP):<\/strong> <span class=\"has-inline-color has-vivid-red-color\">Non<\/span><br><strong>R\u00e9seau d&#8217;\u00e9ducation prioritaire renforc\u00e9 (REP+):<\/strong> <span class=\"has-inline-color has-vivid-red-color\">Non<\/span><br><br><strong>Pr\u00e9sence d&#8217;un internat dans le lyc\u00e9e: <\/strong><span class=\"has-inline-color has-vivid-green-cyan-color\">Oui<\/span><strong><br>Pr\u00e9sence d&#8217;une Unit\u00e9 localis\u00e9e pour l&#8217;inclusion scolaire (Ulis): <\/strong><span class=\"has-inline-color has-vivid-red-color\">Non<\/span><br><strong><br>Label &#8220;Lyc\u00e9e des m\u00e9tiers&#8221;: <\/strong><span class=\"has-inline-color has-vivid-red-color\">Non<\/span><strong><br>Voies post-bac (classes pr\u00e9pas, etc.): <\/strong><span class=\"has-inline-color has-vivid-green-cyan-color\">Oui<\/span><strong><br>Voies d&#8217;apprentissage: <\/strong><span class=\"has-inline-color has-vivid-green-cyan-color\">Oui<\/span><br><strong><br>Section sportive: <\/strong><span class=\"has-inline-color has-vivid-green-cyan-color\">Oui<\/span><strong><br>Section europ\u00e9enne ou de langue orientale: <\/strong><span class=\"has-inline-color has-vivid-green-cyan-color\">Oui<\/span><strong><br>Section internationale: <\/strong><span class=\"has-inline-color has-vivid-red-color\">Non<\/span><\/p><\/div><\/div><\/div><\/div><\/div><\/div><\/section>\n\n\n\n<p><\/p>\n","protected":false},"excerpt":{"rendered":"<p>Notre Dame de Livoye ne disposant pas d&#8217;\u00e9tablissement scolaire, vous trouverez ci-dessous, la liste des \u00e9tablissements les plus proches de votre commune Liste des lyc\u00e9es pr\u00e8s de Notre-Dame-de-Livoye Lyc\u00e9e Emile Littr\u00e9 \u00e0 Avranches [~ 15.3 km]Lyc\u00e9e professionnel Notre Dame de la Providence \u00e0 Avranches [~ 15.4 km]Lyc\u00e9e Agricole de la Baie du Mont Saint Michel \u00e0 Saint-Hilaire-du-Harcou\u00ebt [~ 24.6 km] Cliquez sur le nom des villes ci-dessous pour acc\u00e9der aux d\u00e9tails des \u00e9tablissements<\/p>\n","protected":false},"author":1,"featured_media":0,"parent":0,"menu_order":0,"comment_status":"open","ping_status":"closed","template":"","meta":[],"yoast_head":"<!-- This site is optimized with the Yoast SEO plugin v16.9 - https:\/\/yoast.com\/wordpress\/plugins\/seo\/ -->\n<title>Lyc\u00e9e - Notre Dame de Livoye<\/title>\n<meta name=\"description\" content=\"Site officiel de la commune de Notre Dame de Livoye\" \/>\n<meta name=\"robots\" content=\"index, follow, max-snippet:-1, max-image-preview:large, max-video-preview:-1\" \/>\n<link rel=\"canonical\" href=\"https:\/\/www.notre-dame-de-livoye.fr\/index.php\/lycee\/\" \/>\n<meta property=\"og:locale\" content=\"fr_FR\" \/>\n<meta property=\"og:type\" content=\"article\" \/>\n<meta property=\"og:title\" content=\"Lyc\u00e9e - Notre Dame de Livoye\" \/>\n<meta property=\"og:description\" content=\"Site officiel de la commune de Notre Dame de Livoye\" \/>\n<meta property=\"og:url\" content=\"https:\/\/www.notre-dame-de-livoye.fr\/index.php\/lycee\/\" \/>\n<meta property=\"og:site_name\" content=\"Notre Dame de Livoye\" \/>\n<meta property=\"article:modified_time\" content=\"2020-06-16T10:50:14+00:00\" \/>\n<meta property=\"og:image\" content=\"https:\/\/www.notre-dame-de-livoye.fr\/wp-content\/uploads\/2020\/05\/Sans-titre-2.png\" \/>\n<meta name=\"twitter:card\" content=\"summary_large_image\" \/>\n<meta name=\"twitter:label1\" content=\"Dur\u00e9e de lecture est.\" \/>\n\t<meta name=\"twitter:data1\" content=\"2 minutes\" \/>\n<script type=\"application\/ld+json\" class=\"yoast-schema-graph\">{\"@context\":\"https:\/\/schema.org\",\"@graph\":[{\"@type\":\"Organization\",\"@id\":\"https:\/\/www.notre-dame-de-livoye.fr\/#organization\",\"name\":\"Commune de Notre Dame de Livoye\",\"url\":\"https:\/\/www.notre-dame-de-livoye.fr\/\",\"sameAs\":[],\"logo\":{\"@type\":\"ImageObject\",\"@id\":\"https:\/\/www.notre-dame-de-livoye.fr\/#logo\",\"inLanguage\":\"fr-FR\",\"url\":\"https:\/\/www.notre-dame-de-livoye.fr\/wp-content\/uploads\/2020\/05\/Sans-titre-3.png\",\"contentUrl\":\"https:\/\/www.notre-dame-de-livoye.fr\/wp-content\/uploads\/2020\/05\/Sans-titre-3.png\",\"width\":512,\"height\":512,\"caption\":\"Commune de Notre Dame de Livoye\"},\"image\":{\"@id\":\"https:\/\/www.notre-dame-de-livoye.fr\/#logo\"}},{\"@type\":\"WebSite\",\"@id\":\"https:\/\/www.notre-dame-de-livoye.fr\/#website\",\"url\":\"https:\/\/www.notre-dame-de-livoye.fr\/\",\"name\":\"Notre Dame de Livoye\",\"description\":\"Site officiel de la commune\",\"publisher\":{\"@id\":\"https:\/\/www.notre-dame-de-livoye.fr\/#organization\"},\"potentialAction\":[{\"@type\":\"SearchAction\",\"target\":{\"@type\":\"EntryPoint\",\"urlTemplate\":\"https:\/\/www.notre-dame-de-livoye.fr\/?s={search_term_string}\"},\"query-input\":\"required name=search_term_string\"}],\"inLanguage\":\"fr-FR\"},{\"@type\":\"ImageObject\",\"@id\":\"https:\/\/www.notre-dame-de-livoye.fr\/index.php\/lycee\/#primaryimage\",\"inLanguage\":\"fr-FR\",\"url\":\"https:\/\/www.notre-dame-de-livoye.fr\/wp-content\/uploads\/2020\/05\/Sans-titre-2.png\",\"contentUrl\":\"https:\/\/www.notre-dame-de-livoye.fr\/wp-content\/uploads\/2020\/05\/Sans-titre-2.png\",\"width\":1500,\"height\":1500},{\"@type\":\"WebPage\",\"@id\":\"https:\/\/www.notre-dame-de-livoye.fr\/index.php\/lycee\/#webpage\",\"url\":\"https:\/\/www.notre-dame-de-livoye.fr\/index.php\/lycee\/\",\"name\":\"Lyc\\u00e9e - Notre Dame de Livoye\",\"isPartOf\":{\"@id\":\"https:\/\/www.notre-dame-de-livoye.fr\/#website\"},\"primaryImageOfPage\":{\"@id\":\"https:\/\/www.notre-dame-de-livoye.fr\/index.php\/lycee\/#primaryimage\"},\"datePublished\":\"2020-06-16T10:30:44+00:00\",\"dateModified\":\"2020-06-16T10:50:14+00:00\",\"description\":\"Site officiel de la commune de Notre Dame de Livoye\",\"breadcrumb\":{\"@id\":\"https:\/\/www.notre-dame-de-livoye.fr\/index.php\/lycee\/#breadcrumb\"},\"inLanguage\":\"fr-FR\",\"potentialAction\":[{\"@type\":\"ReadAction\",\"target\":[\"https:\/\/www.notre-dame-de-livoye.fr\/index.php\/lycee\/\"]}]},{\"@type\":\"BreadcrumbList\",\"@id\":\"https:\/\/www.notre-dame-de-livoye.fr\/index.php\/lycee\/#breadcrumb\",\"itemListElement\":[{\"@type\":\"ListItem\",\"position\":1,\"name\":\"Accueil\",\"item\":\"https:\/\/www.notre-dame-de-livoye.fr\/\"},{\"@type\":\"ListItem\",\"position\":2,\"name\":\"Lyc\\u00e9e\"}]},{\"@type\":[\"Article\",\"\"],\"@id\":\"https:\/\/www.notre-dame-de-livoye.fr\/index.php\/lycee\/#article\",\"isPartOf\":{\"@id\":\"https:\/\/www.notre-dame-de-livoye.fr\/index.php\/lycee\/#webpage\"},\"author\":{\"@id\":\"https:\/\/www.notre-dame-de-livoye.fr\/#\/schema\/person\/9c674824d2155634a110aeebb72ecc10\"},\"headline\":\"Lyc\\u00e9e\",\"datePublished\":\"2020-06-16T10:30:44+00:00\",\"dateModified\":\"2020-06-16T10:50:14+00:00\",\"mainEntityOfPage\":{\"@id\":\"https:\/\/www.notre-dame-de-livoye.fr\/index.php\/lycee\/#webpage\"},\"wordCount\":332,\"commentCount\":0,\"publisher\":{\"@id\":\"https:\/\/www.notre-dame-de-livoye.fr\/#organization\"},\"image\":{\"@id\":\"https:\/\/www.notre-dame-de-livoye.fr\/index.php\/lycee\/#primaryimage\"},\"thumbnailUrl\":\"https:\/\/www.notre-dame-de-livoye.fr\/wp-content\/uploads\/2020\/05\/Sans-titre-2.png\",\"inLanguage\":\"fr-FR\",\"potentialAction\":[{\"@type\":\"CommentAction\",\"name\":\"Comment\",\"target\":[\"https:\/\/www.notre-dame-de-livoye.fr\/index.php\/lycee\/#respond\"]}]},{\"@type\":\"Person\",\"@id\":\"https:\/\/www.notre-dame-de-livoye.fr\/#\/schema\/person\/9c674824d2155634a110aeebb72ecc10\",\"name\":\"Commune de Notre Dame de Livoye\",\"image\":{\"@type\":\"ImageObject\",\"@id\":\"https:\/\/www.notre-dame-de-livoye.fr\/#personlogo\",\"inLanguage\":\"fr-FR\",\"url\":\"https:\/\/secure.gravatar.com\/avatar\/734566462eef8c8a6a3f14bc1516ddd5?s=96&d=mm&r=g\",\"contentUrl\":\"https:\/\/secure.gravatar.com\/avatar\/734566462eef8c8a6a3f14bc1516ddd5?s=96&d=mm&r=g\",\"caption\":\"Commune de Notre Dame de Livoye\"},\"sameAs\":[\"https:\/\/www.notre-dame-de-livoye.fr\/\"]}]}<\/script>\n<!-- \/ Yoast SEO plugin. -->","yoast_head_json":{"title":"Lyc\u00e9e - Notre Dame de Livoye","description":"Site officiel de la commune de Notre Dame de Livoye","robots":{"index":"index","follow":"follow","max-snippet":"max-snippet:-1","max-image-preview":"max-image-preview:large","max-video-preview":"max-video-preview:-1"},"canonical":"https:\/\/www.notre-dame-de-livoye.fr\/index.php\/lycee\/","og_locale":"fr_FR","og_type":"article","og_title":"Lyc\u00e9e - Notre Dame de Livoye","og_description":"Site officiel de la commune de Notre Dame de Livoye","og_url":"https:\/\/www.notre-dame-de-livoye.fr\/index.php\/lycee\/","og_site_name":"Notre Dame de Livoye","article_modified_time":"2020-06-16T10:50:14+00:00","og_image":[{"url":"https:\/\/www.notre-dame-de-livoye.fr\/wp-content\/uploads\/2020\/05\/Sans-titre-2.png"}],"twitter_card":"summary_large_image","twitter_misc":{"Dur\u00e9e de lecture est.":"2 minutes"},"schema":{"@context":"https:\/\/schema.org","@graph":[{"@type":"Organization","@id":"https:\/\/www.notre-dame-de-livoye.fr\/#organization","name":"Commune de Notre Dame de Livoye","url":"https:\/\/www.notre-dame-de-livoye.fr\/","sameAs":[],"logo":{"@type":"ImageObject","@id":"https:\/\/www.notre-dame-de-livoye.fr\/#logo","inLanguage":"fr-FR","url":"https:\/\/www.notre-dame-de-livoye.fr\/wp-content\/uploads\/2020\/05\/Sans-titre-3.png","contentUrl":"https:\/\/www.notre-dame-de-livoye.fr\/wp-content\/uploads\/2020\/05\/Sans-titre-3.png","width":512,"height":512,"caption":"Commune de Notre Dame de Livoye"},"image":{"@id":"https:\/\/www.notre-dame-de-livoye.fr\/#logo"}},{"@type":"WebSite","@id":"https:\/\/www.notre-dame-de-livoye.fr\/#website","url":"https:\/\/www.notre-dame-de-livoye.fr\/","name":"Notre Dame de Livoye","description":"Site officiel de la commune","publisher":{"@id":"https:\/\/www.notre-dame-de-livoye.fr\/#organization"},"potentialAction":[{"@type":"SearchAction","target":{"@type":"EntryPoint","urlTemplate":"https:\/\/www.notre-dame-de-livoye.fr\/?s={search_term_string}"},"query-input":"required name=search_term_string"}],"inLanguage":"fr-FR"},{"@type":"ImageObject","@id":"https:\/\/www.notre-dame-de-livoye.fr\/index.php\/lycee\/#primaryimage","inLanguage":"fr-FR","url":"https:\/\/www.notre-dame-de-livoye.fr\/wp-content\/uploads\/2020\/05\/Sans-titre-2.png","contentUrl":"https:\/\/www.notre-dame-de-livoye.fr\/wp-content\/uploads\/2020\/05\/Sans-titre-2.png","width":1500,"height":1500},{"@type":"WebPage","@id":"https:\/\/www.notre-dame-de-livoye.fr\/index.php\/lycee\/#webpage","url":"https:\/\/www.notre-dame-de-livoye.fr\/index.php\/lycee\/","name":"Lyc\u00e9e - Notre Dame de Livoye","isPartOf":{"@id":"https:\/\/www.notre-dame-de-livoye.fr\/#website"},"primaryImageOfPage":{"@id":"https:\/\/www.notre-dame-de-livoye.fr\/index.php\/lycee\/#primaryimage"},"datePublished":"2020-06-16T10:30:44+00:00","dateModified":"2020-06-16T10:50:14+00:00","description":"Site officiel de la commune de Notre Dame de Livoye","breadcrumb":{"@id":"https:\/\/www.notre-dame-de-livoye.fr\/index.php\/lycee\/#breadcrumb"},"inLanguage":"fr-FR","potentialAction":[{"@type":"ReadAction","target":["https:\/\/www.notre-dame-de-livoye.fr\/index.php\/lycee\/"]}]},{"@type":"BreadcrumbList","@id":"https:\/\/www.notre-dame-de-livoye.fr\/index.php\/lycee\/#breadcrumb","itemListElement":[{"@type":"ListItem","position":1,"name":"Accueil","item":"https:\/\/www.notre-dame-de-livoye.fr\/"},{"@type":"ListItem","position":2,"name":"Lyc\u00e9e"}]},{"@type":["Article",""],"@id":"https:\/\/www.notre-dame-de-livoye.fr\/index.php\/lycee\/#article","isPartOf":{"@id":"https:\/\/www.notre-dame-de-livoye.fr\/index.php\/lycee\/#webpage"},"author":{"@id":"https:\/\/www.notre-dame-de-livoye.fr\/#\/schema\/person\/9c674824d2155634a110aeebb72ecc10"},"headline":"Lyc\u00e9e","datePublished":"2020-06-16T10:30:44+00:00","dateModified":"2020-06-16T10:50:14+00:00","mainEntityOfPage":{"@id":"https:\/\/www.notre-dame-de-livoye.fr\/index.php\/lycee\/#webpage"},"wordCount":332,"commentCount":0,"publisher":{"@id":"https:\/\/www.notre-dame-de-livoye.fr\/#organization"},"image":{"@id":"https:\/\/www.notre-dame-de-livoye.fr\/index.php\/lycee\/#primaryimage"},"thumbnailUrl":"https:\/\/www.notre-dame-de-livoye.fr\/wp-content\/uploads\/2020\/05\/Sans-titre-2.png","inLanguage":"fr-FR","potentialAction":[{"@type":"CommentAction","name":"Comment","target":["https:\/\/www.notre-dame-de-livoye.fr\/index.php\/lycee\/#respond"]}]},{"@type":"Person","@id":"https:\/\/www.notre-dame-de-livoye.fr\/#\/schema\/person\/9c674824d2155634a110aeebb72ecc10","name":"Commune de Notre Dame de Livoye","image":{"@type":"ImageObject","@id":"https:\/\/www.notre-dame-de-livoye.fr\/#personlogo","inLanguage":"fr-FR","url":"https:\/\/secure.gravatar.com\/avatar\/734566462eef8c8a6a3f14bc1516ddd5?s=96&d=mm&r=g","contentUrl":"https:\/\/secure.gravatar.com\/avatar\/734566462eef8c8a6a3f14bc1516ddd5?s=96&d=mm&r=g","caption":"Commune de Notre Dame de Livoye"},"sameAs":["https:\/\/www.notre-dame-de-livoye.fr\/"]}]}},"_links":{"self":[{"href":"https:\/\/www.notre-dame-de-livoye.fr\/index.php\/wp-json\/wp\/v2\/pages\/947"}],"collection":[{"href":"https:\/\/www.notre-dame-de-livoye.fr\/index.php\/wp-json\/wp\/v2\/pages"}],"about":[{"href":"https:\/\/www.notre-dame-de-livoye.fr\/index.php\/wp-json\/wp\/v2\/types\/page"}],"author":[{"embeddable":true,"href":"https:\/\/www.notre-dame-de-livoye.fr\/index.php\/wp-json\/wp\/v2\/users\/1"}],"replies":[{"embeddable":true,"href":"https:\/\/www.notre-dame-de-livoye.fr\/index.php\/wp-json\/wp\/v2\/comments?post=947"}],"version-history":[{"count":12,"href":"https:\/\/www.notre-dame-de-livoye.fr\/index.php\/wp-json\/wp\/v2\/pages\/947\/revisions"}],"predecessor-version":[{"id":962,"href":"https:\/\/www.notre-dame-de-livoye.fr\/index.php\/wp-json\/wp\/v2\/pages\/947\/revisions\/962"}],"wp:attachment":[{"href":"https:\/\/www.notre-dame-de-livoye.fr\/index.php\/wp-json\/wp\/v2\/media?parent=947"}],"curies":[{"name":"wp","href":"https:\/\/api.w.org\/{rel}","templated":true}]}}