{"id":614,"date":"2020-05-24T23:26:09","date_gmt":"2020-05-24T21:26:09","guid":{"rendered":"https:\/\/www.comup-agency.fr\/nddl\/?page_id=614"},"modified":"2020-07-01T13:27:05","modified_gmt":"2020-07-01T11:27:05","slug":"locations","status":"publish","type":"page","link":"https:\/\/www.notre-dame-de-livoye.fr\/index.php\/locations\/","title":{"rendered":"<span>Location de la salle communale<\/span>"},"content":{"rendered":"\n<p>La salle communale qui est accol\u00e9e \u00e0 la mairie est situ\u00e9e dans le bourg de Notre Dame de Livoye. Son acc\u00e8s se fait par le cot\u00e9 sud. Les am\u00e9nagements ext\u00e9rieurs qui m\u00ealent esth\u00e9tisme et praticit\u00e9 sont \u00e0 votre disposition pour faire de votre location un \u00e9v\u00e8nement r\u00e9ussi&nbsp;:<\/p>\n\n\n\n<ul><li>Superbe vue sur la vall\u00e9e<\/li><li>Multitude de plantes et de fleurs sur deux niveaux<\/li><li>Pergola en bois<\/li><li>Terrain de boule<\/li><li>Table de \u00ab&nbsp;ping-pong&nbsp;\u00bb<\/li><li>20 places de parking vertes sur deux cot\u00e9s<\/li><li>Coin fumeur<\/li><\/ul>\n\n\n\n<div id=\"section-g5e66f5\" class=\"wp-block-gutentor-e0 section-g5e66f5 gutentor-element gutentor-element-advanced-text\"><div class=\"gutentor-text-wrap\"><p class=\"gutentor-text\"><\/p><\/div><\/div>\n\n\n\n<hr class=\"wp-block-separator is-style-wide\"\/>\n\n\n\n<p class=\"has-small-font-size\"><em><strong>Cliquez sur les images pour les agrandir<\/strong><\/em><\/p>\n\n\n\n<div class=\"wp-block-envira-envira-gallery\"><div id=\"envira-gallery-wrap-694\" class=\"envira-gallery-wrap envira-gallery-theme-base envira-lightbox-theme-base\" itemscope itemtype=\"https:\/\/schema.org\/ImageGallery\"><div data-row-height=\"\" data-gallery-theme=\"\" id=\"envira-gallery-694\" class=\"envira-gallery-public  envira-gallery-3-columns envira-clear enviratope envira-gallery-css-animations\" data-envira-columns=\"3\"><div id=\"envira-gallery-item-687\" class=\"envira-gallery-item enviratope-item envira-gallery-item-1 envira-lazy-load\" style=\"padding-left: 1px; padding-bottom: 1px; padding-right: 1px;\"  itemscope itemtype=\"https:\/\/schema.org\/ImageObject\"><div class=\"envira-gallery-item-inner\"><div class=\"envira-gallery-position-overlay  envira-gallery-top-left\"><\/div><div class=\"envira-gallery-position-overlay  envira-gallery-top-right\"><\/div><div class=\"envira-gallery-position-overlay  envira-gallery-bottom-left\"><\/div><div class=\"envira-gallery-position-overlay  envira-gallery-bottom-right\"><\/div><a href=\"https:\/\/www.notre-dame-de-livoye.fr\/wp-content\/uploads\/2020\/05\/entree-salle-des-fetes-1.jpg\" class=\"envira-gallery-694 envira-gallery-link\" rel=\"enviragallery694\" title=\"Entr\u00e9e de la Salle des F\u00eates - Photo n\u00b01\" data-envira-caption=\"Entr\u00e9e de la Salle des F\u00eates - Photo n\u00b01\" data-envira-retina=\"\" data-thumbnail=\"\"  itemprop=\"contentUrl\"><div class=\"envira-lazy\" data-test-width=\"300\" data-test-height=\"200\" style=\"padding-bottom:66.666666666667%;\"><img id=\"envira-gallery-image-687\" class=\"envira-gallery-image envira-gallery-image-1\" data-envira-index=\"1\" src=\"https:\/\/www.notre-dame-de-livoye.fr\/wp-content\/uploads\/2020\/05\/entree-salle-des-fetes-1.jpg\" data-envira-src=\"https:\/\/www.notre-dame-de-livoye.fr\/wp-content\/uploads\/2020\/05\/entree-salle-des-fetes-1.jpg\" data-envira-gallery-id=\"694\" data-envira-item-id=\"687\" data-envira-caption=\"Entr\u00e9e de la Salle des F\u00eates - Photo n\u00b01\" alt=\"\" title=\"Entr\u00e9e de la Salle des F\u00eates - Photo n\u00b01\"  itemprop=\"thumbnailUrl\" data-envira-srcset=\"https:\/\/www.notre-dame-de-livoye.fr\/wp-content\/uploads\/2020\/05\/entree-salle-des-fetes-1.jpg 400w,https:\/\/www.notre-dame-de-livoye.fr\/wp-content\/uploads\/2020\/05\/entree-salle-des-fetes-1.jpg 2x\" srcset=\"data:image\/gif;base64,R0lGODlhAQABAIAAAP\/\/\/\/\/\/\/yH5BAEKAAEALAAAAAABAAEAAAICTAEAOw==\" \/><\/div><\/a><\/div><\/div><div id=\"envira-gallery-item-689\" class=\"envira-gallery-item enviratope-item envira-gallery-item-2 envira-lazy-load\" style=\"padding-left: 1px; padding-bottom: 1px; padding-right: 1px;\"  itemscope itemtype=\"https:\/\/schema.org\/ImageObject\"><div class=\"envira-gallery-item-inner\"><div class=\"envira-gallery-position-overlay  envira-gallery-top-left\"><\/div><div class=\"envira-gallery-position-overlay  envira-gallery-top-right\"><\/div><div class=\"envira-gallery-position-overlay  envira-gallery-bottom-left\"><\/div><div class=\"envira-gallery-position-overlay  envira-gallery-bottom-right\"><\/div><a href=\"https:\/\/www.notre-dame-de-livoye.fr\/wp-content\/uploads\/2020\/05\/entree-salle-des-fetes-2.jpg\" class=\"envira-gallery-694 envira-gallery-link\" rel=\"enviragallery694\" title=\"Entr\u00e9e de la Salle des F\u00eates - Photo n\u00b02\" data-envira-caption=\"Entr\u00e9e de la Salle des F\u00eates - Photo n\u00b02\" data-envira-retina=\"\" data-thumbnail=\"\"  itemprop=\"contentUrl\"><div class=\"envira-lazy\" data-test-width=\"300\" data-test-height=\"200\" style=\"padding-bottom:66.666666666667%;\"><img id=\"envira-gallery-image-689\" class=\"envira-gallery-image envira-gallery-image-2\" data-envira-index=\"2\" src=\"https:\/\/www.notre-dame-de-livoye.fr\/wp-content\/uploads\/2020\/05\/entree-salle-des-fetes-2.jpg\" data-envira-src=\"https:\/\/www.notre-dame-de-livoye.fr\/wp-content\/uploads\/2020\/05\/entree-salle-des-fetes-2.jpg\" data-envira-gallery-id=\"694\" data-envira-item-id=\"689\" data-envira-caption=\"Entr\u00e9e de la Salle des F\u00eates - Photo n\u00b02\" alt=\"\" title=\"Entr\u00e9e de la Salle des F\u00eates - Photo n\u00b02\"  itemprop=\"thumbnailUrl\" data-envira-srcset=\"https:\/\/www.notre-dame-de-livoye.fr\/wp-content\/uploads\/2020\/05\/entree-salle-des-fetes-2.jpg 400w,https:\/\/www.notre-dame-de-livoye.fr\/wp-content\/uploads\/2020\/05\/entree-salle-des-fetes-2.jpg 2x\" srcset=\"data:image\/gif;base64,R0lGODlhAQABAIAAAP\/\/\/\/\/\/\/yH5BAEKAAEALAAAAAABAAEAAAICTAEAOw==\" \/><\/div><\/a><\/div><\/div><div id=\"envira-gallery-item-691\" class=\"envira-gallery-item enviratope-item envira-gallery-item-3 envira-lazy-load\" style=\"padding-left: 1px; padding-bottom: 1px; padding-right: 1px;\"  itemscope itemtype=\"https:\/\/schema.org\/ImageObject\"><div class=\"envira-gallery-item-inner\"><div class=\"envira-gallery-position-overlay  envira-gallery-top-left\"><\/div><div class=\"envira-gallery-position-overlay  envira-gallery-top-right\"><\/div><div class=\"envira-gallery-position-overlay  envira-gallery-bottom-left\"><\/div><div class=\"envira-gallery-position-overlay  envira-gallery-bottom-right\"><\/div><a href=\"https:\/\/www.notre-dame-de-livoye.fr\/wp-content\/uploads\/2020\/05\/sortie-salle-des-fetes.jpg\" class=\"envira-gallery-694 envira-gallery-link\" rel=\"enviragallery694\" title=\"Sortie de la Salle des F\u00eates\" data-envira-caption=\"Sortie de la Salle des F\u00eates\" data-envira-retina=\"\" data-thumbnail=\"\"  itemprop=\"contentUrl\"><div class=\"envira-lazy\" data-test-width=\"300\" data-test-height=\"200\" style=\"padding-bottom:66.666666666667%;\"><img id=\"envira-gallery-image-691\" class=\"envira-gallery-image envira-gallery-image-3\" data-envira-index=\"3\" src=\"https:\/\/www.notre-dame-de-livoye.fr\/wp-content\/uploads\/2020\/05\/sortie-salle-des-fetes.jpg\" data-envira-src=\"https:\/\/www.notre-dame-de-livoye.fr\/wp-content\/uploads\/2020\/05\/sortie-salle-des-fetes.jpg\" data-envira-gallery-id=\"694\" data-envira-item-id=\"691\" data-envira-caption=\"Sortie de la Salle des F\u00eates\" alt=\"\" title=\"Sortie de la Salle des F\u00eates\"  itemprop=\"thumbnailUrl\" data-envira-srcset=\"https:\/\/www.notre-dame-de-livoye.fr\/wp-content\/uploads\/2020\/05\/sortie-salle-des-fetes.jpg 400w,https:\/\/www.notre-dame-de-livoye.fr\/wp-content\/uploads\/2020\/05\/sortie-salle-des-fetes.jpg 2x\" srcset=\"data:image\/gif;base64,R0lGODlhAQABAIAAAP\/\/\/\/\/\/\/yH5BAEKAAEALAAAAAABAAEAAAICTAEAOw==\" \/><\/div><\/a><\/div><\/div><\/div><\/div><noscript><img src=\"https:\/\/www.notre-dame-de-livoye.fr\/wp-content\/uploads\/2020\/05\/entree-salle-des-fetes-1.jpg\" alt=\"\" \/><img src=\"https:\/\/www.notre-dame-de-livoye.fr\/wp-content\/uploads\/2020\/05\/entree-salle-des-fetes-2.jpg\" alt=\"\" \/><img src=\"https:\/\/www.notre-dame-de-livoye.fr\/wp-content\/uploads\/2020\/05\/sortie-salle-des-fetes.jpg\" alt=\"\" \/><\/noscript><\/div>\n\n\n\n<hr class=\"wp-block-separator is-style-wide\"\/>\n\n\n\n<p><strong>Pour toute r\u00e9servation ou renseignements, vous pouvez joindre Madame PERRAIN B\u00e9n\u00e9dicte<\/strong><\/p>\n\n\n\n<p><strong>au <a href=\"tel:0233606980\">02 33 60 69 80<\/a> ou au <a href=\"tel:0649601141\">06 49 60 11 41<\/a><\/strong><\/p>\n","protected":false},"excerpt":{"rendered":"<p>La salle communale qui est accol\u00e9e \u00e0 la mairie est situ\u00e9e dans le bourg de Notre Dame de Livoye. Son acc\u00e8s se fait par le cot\u00e9 sud. Les am\u00e9nagements ext\u00e9rieurs qui m\u00ealent esth\u00e9tisme et praticit\u00e9 sont \u00e0 votre disposition pour faire de votre location un \u00e9v\u00e8nement r\u00e9ussi&nbsp;: Superbe vue sur la vall\u00e9e Multitude de plantes et de fleurs sur deux niveaux Pergola en bois Terrain de boule Table de \u00ab&nbsp;ping-pong&nbsp;\u00bb 20 places de parking vertes sur deux cot\u00e9s Coin fumeur Cliquez sur les images pour les agrandir Pour toute r\u00e9servation&hellip;<\/p>\n","protected":false},"author":1,"featured_media":0,"parent":0,"menu_order":0,"comment_status":"closed","ping_status":"closed","template":"","meta":[],"yoast_head":"<!-- This site is optimized with the Yoast SEO plugin v16.9 - https:\/\/yoast.com\/wordpress\/plugins\/seo\/ -->\n<title>Location de la salle communale - Notre Dame de Livoye<\/title>\n<meta name=\"description\" content=\"Site officiel de la commune de Notre Dame de Livoye\" \/>\n<meta name=\"robots\" content=\"index, follow, max-snippet:-1, max-image-preview:large, max-video-preview:-1\" \/>\n<link rel=\"canonical\" href=\"https:\/\/www.notre-dame-de-livoye.fr\/index.php\/locations\/\" \/>\n<meta property=\"og:locale\" content=\"fr_FR\" \/>\n<meta property=\"og:type\" content=\"article\" \/>\n<meta property=\"og:title\" content=\"Location de la salle communale - Notre Dame de Livoye\" \/>\n<meta property=\"og:description\" content=\"Site officiel de la commune de Notre Dame de Livoye\" \/>\n<meta property=\"og:url\" content=\"https:\/\/www.notre-dame-de-livoye.fr\/index.php\/locations\/\" \/>\n<meta property=\"og:site_name\" content=\"Notre Dame de Livoye\" \/>\n<meta property=\"article:modified_time\" content=\"2020-07-01T11:27:05+00:00\" \/>\n<meta name=\"twitter:card\" content=\"summary_large_image\" \/>\n<meta name=\"twitter:label1\" content=\"Dur\u00e9e de lecture est.\" \/>\n\t<meta name=\"twitter:data1\" content=\"1 minute\" \/>\n<script type=\"application\/ld+json\" class=\"yoast-schema-graph\">{\"@context\":\"https:\/\/schema.org\",\"@graph\":[{\"@type\":\"Organization\",\"@id\":\"https:\/\/www.notre-dame-de-livoye.fr\/#organization\",\"name\":\"Commune de Notre Dame de Livoye\",\"url\":\"https:\/\/www.notre-dame-de-livoye.fr\/\",\"sameAs\":[],\"logo\":{\"@type\":\"ImageObject\",\"@id\":\"https:\/\/www.notre-dame-de-livoye.fr\/#logo\",\"inLanguage\":\"fr-FR\",\"url\":\"https:\/\/www.notre-dame-de-livoye.fr\/wp-content\/uploads\/2020\/05\/Sans-titre-3.png\",\"contentUrl\":\"https:\/\/www.notre-dame-de-livoye.fr\/wp-content\/uploads\/2020\/05\/Sans-titre-3.png\",\"width\":512,\"height\":512,\"caption\":\"Commune de Notre Dame de Livoye\"},\"image\":{\"@id\":\"https:\/\/www.notre-dame-de-livoye.fr\/#logo\"}},{\"@type\":\"WebSite\",\"@id\":\"https:\/\/www.notre-dame-de-livoye.fr\/#website\",\"url\":\"https:\/\/www.notre-dame-de-livoye.fr\/\",\"name\":\"Notre Dame de Livoye\",\"description\":\"Site officiel de la commune\",\"publisher\":{\"@id\":\"https:\/\/www.notre-dame-de-livoye.fr\/#organization\"},\"potentialAction\":[{\"@type\":\"SearchAction\",\"target\":{\"@type\":\"EntryPoint\",\"urlTemplate\":\"https:\/\/www.notre-dame-de-livoye.fr\/?s={search_term_string}\"},\"query-input\":\"required name=search_term_string\"}],\"inLanguage\":\"fr-FR\"},{\"@type\":\"WebPage\",\"@id\":\"https:\/\/www.notre-dame-de-livoye.fr\/index.php\/locations\/#webpage\",\"url\":\"https:\/\/www.notre-dame-de-livoye.fr\/index.php\/locations\/\",\"name\":\"Location de la salle communale - Notre Dame de Livoye\",\"isPartOf\":{\"@id\":\"https:\/\/www.notre-dame-de-livoye.fr\/#website\"},\"datePublished\":\"2020-05-24T21:26:09+00:00\",\"dateModified\":\"2020-07-01T11:27:05+00:00\",\"description\":\"Site officiel de la commune de Notre Dame de Livoye\",\"breadcrumb\":{\"@id\":\"https:\/\/www.notre-dame-de-livoye.fr\/index.php\/locations\/#breadcrumb\"},\"inLanguage\":\"fr-FR\",\"potentialAction\":[{\"@type\":\"ReadAction\",\"target\":[\"https:\/\/www.notre-dame-de-livoye.fr\/index.php\/locations\/\"]}]},{\"@type\":\"BreadcrumbList\",\"@id\":\"https:\/\/www.notre-dame-de-livoye.fr\/index.php\/locations\/#breadcrumb\",\"itemListElement\":[{\"@type\":\"ListItem\",\"position\":1,\"name\":\"Accueil\",\"item\":\"https:\/\/www.notre-dame-de-livoye.fr\/\"},{\"@type\":\"ListItem\",\"position\":2,\"name\":\"Location de la salle communale\"}]},{\"@type\":[\"Article\",\"\"],\"@id\":\"https:\/\/www.notre-dame-de-livoye.fr\/index.php\/locations\/#article\",\"isPartOf\":{\"@id\":\"https:\/\/www.notre-dame-de-livoye.fr\/index.php\/locations\/#webpage\"},\"author\":{\"@id\":\"https:\/\/www.notre-dame-de-livoye.fr\/#\/schema\/person\/9c674824d2155634a110aeebb72ecc10\"},\"headline\":\"Location de la salle communale\",\"datePublished\":\"2020-05-24T21:26:09+00:00\",\"dateModified\":\"2020-07-01T11:27:05+00:00\",\"mainEntityOfPage\":{\"@id\":\"https:\/\/www.notre-dame-de-livoye.fr\/index.php\/locations\/#webpage\"},\"wordCount\":119,\"publisher\":{\"@id\":\"https:\/\/www.notre-dame-de-livoye.fr\/#organization\"},\"inLanguage\":\"fr-FR\"},{\"@type\":\"Person\",\"@id\":\"https:\/\/www.notre-dame-de-livoye.fr\/#\/schema\/person\/9c674824d2155634a110aeebb72ecc10\",\"name\":\"Commune de Notre Dame de Livoye\",\"image\":{\"@type\":\"ImageObject\",\"@id\":\"https:\/\/www.notre-dame-de-livoye.fr\/#personlogo\",\"inLanguage\":\"fr-FR\",\"url\":\"https:\/\/secure.gravatar.com\/avatar\/734566462eef8c8a6a3f14bc1516ddd5?s=96&d=mm&r=g\",\"contentUrl\":\"https:\/\/secure.gravatar.com\/avatar\/734566462eef8c8a6a3f14bc1516ddd5?s=96&d=mm&r=g\",\"caption\":\"Commune de Notre Dame de Livoye\"},\"sameAs\":[\"https:\/\/www.notre-dame-de-livoye.fr\/\"]}]}<\/script>\n<!-- \/ Yoast SEO plugin. -->","yoast_head_json":{"title":"Location de la salle communale - Notre Dame de Livoye","description":"Site officiel de la commune de Notre Dame de Livoye","robots":{"index":"index","follow":"follow","max-snippet":"max-snippet:-1","max-image-preview":"max-image-preview:large","max-video-preview":"max-video-preview:-1"},"canonical":"https:\/\/www.notre-dame-de-livoye.fr\/index.php\/locations\/","og_locale":"fr_FR","og_type":"article","og_title":"Location de la salle communale - Notre Dame de Livoye","og_description":"Site officiel de la commune de Notre Dame de Livoye","og_url":"https:\/\/www.notre-dame-de-livoye.fr\/index.php\/locations\/","og_site_name":"Notre Dame de Livoye","article_modified_time":"2020-07-01T11:27:05+00:00","twitter_card":"summary_large_image","twitter_misc":{"Dur\u00e9e de lecture est.":"1 minute"},"schema":{"@context":"https:\/\/schema.org","@graph":[{"@type":"Organization","@id":"https:\/\/www.notre-dame-de-livoye.fr\/#organization","name":"Commune de Notre Dame de Livoye","url":"https:\/\/www.notre-dame-de-livoye.fr\/","sameAs":[],"logo":{"@type":"ImageObject","@id":"https:\/\/www.notre-dame-de-livoye.fr\/#logo","inLanguage":"fr-FR","url":"https:\/\/www.notre-dame-de-livoye.fr\/wp-content\/uploads\/2020\/05\/Sans-titre-3.png","contentUrl":"https:\/\/www.notre-dame-de-livoye.fr\/wp-content\/uploads\/2020\/05\/Sans-titre-3.png","width":512,"height":512,"caption":"Commune de Notre Dame de Livoye"},"image":{"@id":"https:\/\/www.notre-dame-de-livoye.fr\/#logo"}},{"@type":"WebSite","@id":"https:\/\/www.notre-dame-de-livoye.fr\/#website","url":"https:\/\/www.notre-dame-de-livoye.fr\/","name":"Notre Dame de Livoye","description":"Site officiel de la commune","publisher":{"@id":"https:\/\/www.notre-dame-de-livoye.fr\/#organization"},"potentialAction":[{"@type":"SearchAction","target":{"@type":"EntryPoint","urlTemplate":"https:\/\/www.notre-dame-de-livoye.fr\/?s={search_term_string}"},"query-input":"required name=search_term_string"}],"inLanguage":"fr-FR"},{"@type":"WebPage","@id":"https:\/\/www.notre-dame-de-livoye.fr\/index.php\/locations\/#webpage","url":"https:\/\/www.notre-dame-de-livoye.fr\/index.php\/locations\/","name":"Location de la salle communale - Notre Dame de Livoye","isPartOf":{"@id":"https:\/\/www.notre-dame-de-livoye.fr\/#website"},"datePublished":"2020-05-24T21:26:09+00:00","dateModified":"2020-07-01T11:27:05+00:00","description":"Site officiel de la commune de Notre Dame de Livoye","breadcrumb":{"@id":"https:\/\/www.notre-dame-de-livoye.fr\/index.php\/locations\/#breadcrumb"},"inLanguage":"fr-FR","potentialAction":[{"@type":"ReadAction","target":["https:\/\/www.notre-dame-de-livoye.fr\/index.php\/locations\/"]}]},{"@type":"BreadcrumbList","@id":"https:\/\/www.notre-dame-de-livoye.fr\/index.php\/locations\/#breadcrumb","itemListElement":[{"@type":"ListItem","position":1,"name":"Accueil","item":"https:\/\/www.notre-dame-de-livoye.fr\/"},{"@type":"ListItem","position":2,"name":"Location de la salle communale"}]},{"@type":["Article",""],"@id":"https:\/\/www.notre-dame-de-livoye.fr\/index.php\/locations\/#article","isPartOf":{"@id":"https:\/\/www.notre-dame-de-livoye.fr\/index.php\/locations\/#webpage"},"author":{"@id":"https:\/\/www.notre-dame-de-livoye.fr\/#\/schema\/person\/9c674824d2155634a110aeebb72ecc10"},"headline":"Location de la salle communale","datePublished":"2020-05-24T21:26:09+00:00","dateModified":"2020-07-01T11:27:05+00:00","mainEntityOfPage":{"@id":"https:\/\/www.notre-dame-de-livoye.fr\/index.php\/locations\/#webpage"},"wordCount":119,"publisher":{"@id":"https:\/\/www.notre-dame-de-livoye.fr\/#organization"},"inLanguage":"fr-FR"},{"@type":"Person","@id":"https:\/\/www.notre-dame-de-livoye.fr\/#\/schema\/person\/9c674824d2155634a110aeebb72ecc10","name":"Commune de Notre Dame de Livoye","image":{"@type":"ImageObject","@id":"https:\/\/www.notre-dame-de-livoye.fr\/#personlogo","inLanguage":"fr-FR","url":"https:\/\/secure.gravatar.com\/avatar\/734566462eef8c8a6a3f14bc1516ddd5?s=96&d=mm&r=g","contentUrl":"https:\/\/secure.gravatar.com\/avatar\/734566462eef8c8a6a3f14bc1516ddd5?s=96&d=mm&r=g","caption":"Commune de Notre Dame de Livoye"},"sameAs":["https:\/\/www.notre-dame-de-livoye.fr\/"]}]}},"_links":{"self":[{"href":"https:\/\/www.notre-dame-de-livoye.fr\/index.php\/wp-json\/wp\/v2\/pages\/614"}],"collection":[{"href":"https:\/\/www.notre-dame-de-livoye.fr\/index.php\/wp-json\/wp\/v2\/pages"}],"about":[{"href":"https:\/\/www.notre-dame-de-livoye.fr\/index.php\/wp-json\/wp\/v2\/types\/page"}],"author":[{"embeddable":true,"href":"https:\/\/www.notre-dame-de-livoye.fr\/index.php\/wp-json\/wp\/v2\/users\/1"}],"replies":[{"embeddable":true,"href":"https:\/\/www.notre-dame-de-livoye.fr\/index.php\/wp-json\/wp\/v2\/comments?post=614"}],"version-history":[{"count":18,"href":"https:\/\/www.notre-dame-de-livoye.fr\/index.php\/wp-json\/wp\/v2\/pages\/614\/revisions"}],"predecessor-version":[{"id":971,"href":"https:\/\/www.notre-dame-de-livoye.fr\/index.php\/wp-json\/wp\/v2\/pages\/614\/revisions\/971"}],"wp:attachment":[{"href":"https:\/\/www.notre-dame-de-livoye.fr\/index.php\/wp-json\/wp\/v2\/media?parent=614"}],"curies":[{"name":"wp","href":"https:\/\/api.w.org\/{rel}","templated":true}]}}