{"id":599,"date":"2020-05-24T23:24:55","date_gmt":"2020-05-24T21:24:55","guid":{"rendered":"https:\/\/www.comup-agency.fr\/nddl\/?page_id=599"},"modified":"2020-05-29T17:31:46","modified_gmt":"2020-05-29T15:31:46","slug":"agence-postale","status":"publish","type":"page","link":"https:\/\/www.notre-dame-de-livoye.fr\/index.php\/agence-postale\/","title":{"rendered":"<span>Agence postale<\/span>"},"content":{"rendered":"\n<h2>Comment s&#8217;y rendre ?<\/h2>\n\n\n\n<figure class=\"wp-block-table is-style-stripes\"><table class=\"has-fixed-layout\"><tbody><tr><td class=\"has-text-align-center\" data-align=\"center\"><img loading=\"lazy\" width=\"1357\" height=\"1018\" class=\"wp-image-743\" style=\"width: 500px;\" src=\"https:\/\/www.notre-dame-de-livoye.fr\/wp-content\/uploads\/2020\/05\/25273-190906103212430-0.jpg\" alt=\"\"><\/td><td>L&#8217;agence postale la plus proche de Notre Dame de Livoye est celle de Br\u00e9cey dont les coordonn\u00e9es figurent ci-dessous:<br><br><em><strong><small>INFO PRATIQUE<\/strong> : Si vous utilisez un t\u00e9l\u00e9phone, cliquez sur l&#8217;adresse ci-dessous et l\u2019itin\u00e9raire se fera automatiquement depuis votre position actuelle.<\/small><\/em><br><br><a href=\"https:\/\/www.google.com\/maps\/dir\/\/La+Poste,+RUE+PAUL+LEMONNIER,+50370+Br%C3%A9cey\/@48.7243268,-1.2395226,12z\/data=!4m8!4m7!1m0!1m5!1m1!1s0x480be28f6ba55519:0xbb27712cb29a7fcb!2m2!1d-1.169483!2d48.724348\"><strong>LA POSTE<\/strong><br>RUE PAUL LEMONNIER<br>50370 Br\u00e9cey<\/a><br><br><em>Distance: ~ 4.5 Km de Notre-Dame-de-Livoye<\/em><\/td><\/tr><\/tbody><\/table><\/figure>\n\n\n\n<hr class=\"wp-block-separator is-style-wide\"\/>\n\n\n\n<p>Carte interactive<\/p>\n\n\n\n<iframe loading=\"lazy\" src=\"https:\/\/www.google.com\/maps\/embed?pb=!1m18!1m12!1m3!1d2632.0125678761883!2d-1.17167168415004!3d48.72435151808885!2m3!1f0!2f0!3f0!3m2!1i1024!2i768!4f13.1!3m3!1m2!1s0x480be28f6ba55519%3A0xbb27712cb29a7fcb!2sLa%20Poste!5e0!3m2!1sfr!2sfr!4v1590593573552!5m2!1sfr!2sfr\" width=\"100%\" height=\"450\" frameborder=\"0\" style=\"border:0;\" allowfullscreen=\"\" aria-hidden=\"false\" tabindex=\"0\"><\/iframe>\n","protected":false},"excerpt":{"rendered":"<p>Comment s&#8217;y rendre ? L&#8217;agence postale la plus proche de Notre Dame de Livoye est celle de Br\u00e9cey dont les coordonn\u00e9es figurent ci-dessous: INFO PRATIQUE : Si vous utilisez un t\u00e9l\u00e9phone, cliquez sur l&#8217;adresse ci-dessous et l\u2019itin\u00e9raire se fera automatiquement depuis votre position actuelle. LA POSTERUE PAUL LEMONNIER50370 Br\u00e9cey Distance: ~ 4.5 Km de Notre-Dame-de-Livoye Carte interactive<\/p>\n","protected":false},"author":1,"featured_media":0,"parent":0,"menu_order":0,"comment_status":"closed","ping_status":"closed","template":"","meta":[],"yoast_head":"<!-- This site is optimized with the Yoast SEO plugin v16.9 - https:\/\/yoast.com\/wordpress\/plugins\/seo\/ -->\n<title>Agence postale - Notre Dame de Livoye<\/title>\n<meta name=\"description\" content=\"Site officiel de la commune de Notre Dame de Livoye\" \/>\n<meta name=\"robots\" content=\"index, follow, max-snippet:-1, max-image-preview:large, max-video-preview:-1\" \/>\n<link rel=\"canonical\" href=\"https:\/\/www.notre-dame-de-livoye.fr\/index.php\/agence-postale\/\" \/>\n<meta property=\"og:locale\" content=\"fr_FR\" \/>\n<meta property=\"og:type\" content=\"article\" \/>\n<meta property=\"og:title\" content=\"Agence postale - Notre Dame de Livoye\" \/>\n<meta property=\"og:description\" content=\"Site officiel de la commune de Notre Dame de Livoye\" \/>\n<meta property=\"og:url\" content=\"https:\/\/www.notre-dame-de-livoye.fr\/index.php\/agence-postale\/\" \/>\n<meta property=\"og:site_name\" content=\"Notre Dame de Livoye\" \/>\n<meta property=\"article:modified_time\" content=\"2020-05-29T15:31:46+00:00\" \/>\n<meta property=\"og:image\" content=\"https:\/\/www.notre-dame-de-livoye.fr\/wp-content\/uploads\/2020\/05\/25273-190906103212430-0.jpg\" \/>\n<meta name=\"twitter:card\" content=\"summary_large_image\" \/>\n<script type=\"application\/ld+json\" class=\"yoast-schema-graph\">{\"@context\":\"https:\/\/schema.org\",\"@graph\":[{\"@type\":\"Organization\",\"@id\":\"https:\/\/www.notre-dame-de-livoye.fr\/#organization\",\"name\":\"Commune de Notre Dame de Livoye\",\"url\":\"https:\/\/www.notre-dame-de-livoye.fr\/\",\"sameAs\":[],\"logo\":{\"@type\":\"ImageObject\",\"@id\":\"https:\/\/www.notre-dame-de-livoye.fr\/#logo\",\"inLanguage\":\"fr-FR\",\"url\":\"https:\/\/www.notre-dame-de-livoye.fr\/wp-content\/uploads\/2020\/05\/Sans-titre-3.png\",\"contentUrl\":\"https:\/\/www.notre-dame-de-livoye.fr\/wp-content\/uploads\/2020\/05\/Sans-titre-3.png\",\"width\":512,\"height\":512,\"caption\":\"Commune de Notre Dame de Livoye\"},\"image\":{\"@id\":\"https:\/\/www.notre-dame-de-livoye.fr\/#logo\"}},{\"@type\":\"WebSite\",\"@id\":\"https:\/\/www.notre-dame-de-livoye.fr\/#website\",\"url\":\"https:\/\/www.notre-dame-de-livoye.fr\/\",\"name\":\"Notre Dame de Livoye\",\"description\":\"Site officiel de la commune\",\"publisher\":{\"@id\":\"https:\/\/www.notre-dame-de-livoye.fr\/#organization\"},\"potentialAction\":[{\"@type\":\"SearchAction\",\"target\":{\"@type\":\"EntryPoint\",\"urlTemplate\":\"https:\/\/www.notre-dame-de-livoye.fr\/?s={search_term_string}\"},\"query-input\":\"required name=search_term_string\"}],\"inLanguage\":\"fr-FR\"},{\"@type\":\"ImageObject\",\"@id\":\"https:\/\/www.notre-dame-de-livoye.fr\/index.php\/agence-postale\/#primaryimage\",\"inLanguage\":\"fr-FR\",\"url\":\"https:\/\/www.notre-dame-de-livoye.fr\/wp-content\/uploads\/2020\/05\/25273-190906103212430-0.jpg\",\"contentUrl\":\"https:\/\/www.notre-dame-de-livoye.fr\/wp-content\/uploads\/2020\/05\/25273-190906103212430-0.jpg\",\"width\":1357,\"height\":1018},{\"@type\":\"WebPage\",\"@id\":\"https:\/\/www.notre-dame-de-livoye.fr\/index.php\/agence-postale\/#webpage\",\"url\":\"https:\/\/www.notre-dame-de-livoye.fr\/index.php\/agence-postale\/\",\"name\":\"Agence postale - Notre Dame de Livoye\",\"isPartOf\":{\"@id\":\"https:\/\/www.notre-dame-de-livoye.fr\/#website\"},\"primaryImageOfPage\":{\"@id\":\"https:\/\/www.notre-dame-de-livoye.fr\/index.php\/agence-postale\/#primaryimage\"},\"datePublished\":\"2020-05-24T21:24:55+00:00\",\"dateModified\":\"2020-05-29T15:31:46+00:00\",\"description\":\"Site officiel de la commune de Notre Dame de Livoye\",\"breadcrumb\":{\"@id\":\"https:\/\/www.notre-dame-de-livoye.fr\/index.php\/agence-postale\/#breadcrumb\"},\"inLanguage\":\"fr-FR\",\"potentialAction\":[{\"@type\":\"ReadAction\",\"target\":[\"https:\/\/www.notre-dame-de-livoye.fr\/index.php\/agence-postale\/\"]}]},{\"@type\":\"BreadcrumbList\",\"@id\":\"https:\/\/www.notre-dame-de-livoye.fr\/index.php\/agence-postale\/#breadcrumb\",\"itemListElement\":[{\"@type\":\"ListItem\",\"position\":1,\"name\":\"Accueil\",\"item\":\"https:\/\/www.notre-dame-de-livoye.fr\/\"},{\"@type\":\"ListItem\",\"position\":2,\"name\":\"Agence postale\"}]},{\"@type\":[\"Article\",\"\"],\"@id\":\"https:\/\/www.notre-dame-de-livoye.fr\/index.php\/agence-postale\/#article\",\"isPartOf\":{\"@id\":\"https:\/\/www.notre-dame-de-livoye.fr\/index.php\/agence-postale\/#webpage\"},\"author\":{\"@id\":\"https:\/\/www.notre-dame-de-livoye.fr\/#\/schema\/person\/9c674824d2155634a110aeebb72ecc10\"},\"headline\":\"Agence postale\",\"datePublished\":\"2020-05-24T21:24:55+00:00\",\"dateModified\":\"2020-05-29T15:31:46+00:00\",\"mainEntityOfPage\":{\"@id\":\"https:\/\/www.notre-dame-de-livoye.fr\/index.php\/agence-postale\/#webpage\"},\"wordCount\":61,\"publisher\":{\"@id\":\"https:\/\/www.notre-dame-de-livoye.fr\/#organization\"},\"image\":{\"@id\":\"https:\/\/www.notre-dame-de-livoye.fr\/index.php\/agence-postale\/#primaryimage\"},\"thumbnailUrl\":\"https:\/\/www.notre-dame-de-livoye.fr\/wp-content\/uploads\/2020\/05\/25273-190906103212430-0.jpg\",\"inLanguage\":\"fr-FR\"},{\"@type\":\"Person\",\"@id\":\"https:\/\/www.notre-dame-de-livoye.fr\/#\/schema\/person\/9c674824d2155634a110aeebb72ecc10\",\"name\":\"Commune de Notre Dame de Livoye\",\"image\":{\"@type\":\"ImageObject\",\"@id\":\"https:\/\/www.notre-dame-de-livoye.fr\/#personlogo\",\"inLanguage\":\"fr-FR\",\"url\":\"https:\/\/secure.gravatar.com\/avatar\/734566462eef8c8a6a3f14bc1516ddd5?s=96&d=mm&r=g\",\"contentUrl\":\"https:\/\/secure.gravatar.com\/avatar\/734566462eef8c8a6a3f14bc1516ddd5?s=96&d=mm&r=g\",\"caption\":\"Commune de Notre Dame de Livoye\"},\"sameAs\":[\"https:\/\/www.notre-dame-de-livoye.fr\/\"]}]}<\/script>\n<!-- \/ Yoast SEO plugin. -->","yoast_head_json":{"title":"Agence postale - Notre Dame de Livoye","description":"Site officiel de la commune de Notre Dame de Livoye","robots":{"index":"index","follow":"follow","max-snippet":"max-snippet:-1","max-image-preview":"max-image-preview:large","max-video-preview":"max-video-preview:-1"},"canonical":"https:\/\/www.notre-dame-de-livoye.fr\/index.php\/agence-postale\/","og_locale":"fr_FR","og_type":"article","og_title":"Agence postale - Notre Dame de Livoye","og_description":"Site officiel de la commune de Notre Dame de Livoye","og_url":"https:\/\/www.notre-dame-de-livoye.fr\/index.php\/agence-postale\/","og_site_name":"Notre Dame de Livoye","article_modified_time":"2020-05-29T15:31:46+00:00","og_image":[{"url":"https:\/\/www.notre-dame-de-livoye.fr\/wp-content\/uploads\/2020\/05\/25273-190906103212430-0.jpg"}],"twitter_card":"summary_large_image","schema":{"@context":"https:\/\/schema.org","@graph":[{"@type":"Organization","@id":"https:\/\/www.notre-dame-de-livoye.fr\/#organization","name":"Commune de Notre Dame de Livoye","url":"https:\/\/www.notre-dame-de-livoye.fr\/","sameAs":[],"logo":{"@type":"ImageObject","@id":"https:\/\/www.notre-dame-de-livoye.fr\/#logo","inLanguage":"fr-FR","url":"https:\/\/www.notre-dame-de-livoye.fr\/wp-content\/uploads\/2020\/05\/Sans-titre-3.png","contentUrl":"https:\/\/www.notre-dame-de-livoye.fr\/wp-content\/uploads\/2020\/05\/Sans-titre-3.png","width":512,"height":512,"caption":"Commune de Notre Dame de Livoye"},"image":{"@id":"https:\/\/www.notre-dame-de-livoye.fr\/#logo"}},{"@type":"WebSite","@id":"https:\/\/www.notre-dame-de-livoye.fr\/#website","url":"https:\/\/www.notre-dame-de-livoye.fr\/","name":"Notre Dame de Livoye","description":"Site officiel de la commune","publisher":{"@id":"https:\/\/www.notre-dame-de-livoye.fr\/#organization"},"potentialAction":[{"@type":"SearchAction","target":{"@type":"EntryPoint","urlTemplate":"https:\/\/www.notre-dame-de-livoye.fr\/?s={search_term_string}"},"query-input":"required name=search_term_string"}],"inLanguage":"fr-FR"},{"@type":"ImageObject","@id":"https:\/\/www.notre-dame-de-livoye.fr\/index.php\/agence-postale\/#primaryimage","inLanguage":"fr-FR","url":"https:\/\/www.notre-dame-de-livoye.fr\/wp-content\/uploads\/2020\/05\/25273-190906103212430-0.jpg","contentUrl":"https:\/\/www.notre-dame-de-livoye.fr\/wp-content\/uploads\/2020\/05\/25273-190906103212430-0.jpg","width":1357,"height":1018},{"@type":"WebPage","@id":"https:\/\/www.notre-dame-de-livoye.fr\/index.php\/agence-postale\/#webpage","url":"https:\/\/www.notre-dame-de-livoye.fr\/index.php\/agence-postale\/","name":"Agence postale - Notre Dame de Livoye","isPartOf":{"@id":"https:\/\/www.notre-dame-de-livoye.fr\/#website"},"primaryImageOfPage":{"@id":"https:\/\/www.notre-dame-de-livoye.fr\/index.php\/agence-postale\/#primaryimage"},"datePublished":"2020-05-24T21:24:55+00:00","dateModified":"2020-05-29T15:31:46+00:00","description":"Site officiel de la commune de Notre Dame de Livoye","breadcrumb":{"@id":"https:\/\/www.notre-dame-de-livoye.fr\/index.php\/agence-postale\/#breadcrumb"},"inLanguage":"fr-FR","potentialAction":[{"@type":"ReadAction","target":["https:\/\/www.notre-dame-de-livoye.fr\/index.php\/agence-postale\/"]}]},{"@type":"BreadcrumbList","@id":"https:\/\/www.notre-dame-de-livoye.fr\/index.php\/agence-postale\/#breadcrumb","itemListElement":[{"@type":"ListItem","position":1,"name":"Accueil","item":"https:\/\/www.notre-dame-de-livoye.fr\/"},{"@type":"ListItem","position":2,"name":"Agence postale"}]},{"@type":["Article",""],"@id":"https:\/\/www.notre-dame-de-livoye.fr\/index.php\/agence-postale\/#article","isPartOf":{"@id":"https:\/\/www.notre-dame-de-livoye.fr\/index.php\/agence-postale\/#webpage"},"author":{"@id":"https:\/\/www.notre-dame-de-livoye.fr\/#\/schema\/person\/9c674824d2155634a110aeebb72ecc10"},"headline":"Agence postale","datePublished":"2020-05-24T21:24:55+00:00","dateModified":"2020-05-29T15:31:46+00:00","mainEntityOfPage":{"@id":"https:\/\/www.notre-dame-de-livoye.fr\/index.php\/agence-postale\/#webpage"},"wordCount":61,"publisher":{"@id":"https:\/\/www.notre-dame-de-livoye.fr\/#organization"},"image":{"@id":"https:\/\/www.notre-dame-de-livoye.fr\/index.php\/agence-postale\/#primaryimage"},"thumbnailUrl":"https:\/\/www.notre-dame-de-livoye.fr\/wp-content\/uploads\/2020\/05\/25273-190906103212430-0.jpg","inLanguage":"fr-FR"},{"@type":"Person","@id":"https:\/\/www.notre-dame-de-livoye.fr\/#\/schema\/person\/9c674824d2155634a110aeebb72ecc10","name":"Commune de Notre Dame de Livoye","image":{"@type":"ImageObject","@id":"https:\/\/www.notre-dame-de-livoye.fr\/#personlogo","inLanguage":"fr-FR","url":"https:\/\/secure.gravatar.com\/avatar\/734566462eef8c8a6a3f14bc1516ddd5?s=96&d=mm&r=g","contentUrl":"https:\/\/secure.gravatar.com\/avatar\/734566462eef8c8a6a3f14bc1516ddd5?s=96&d=mm&r=g","caption":"Commune de Notre Dame de Livoye"},"sameAs":["https:\/\/www.notre-dame-de-livoye.fr\/"]}]}},"_links":{"self":[{"href":"https:\/\/www.notre-dame-de-livoye.fr\/index.php\/wp-json\/wp\/v2\/pages\/599"}],"collection":[{"href":"https:\/\/www.notre-dame-de-livoye.fr\/index.php\/wp-json\/wp\/v2\/pages"}],"about":[{"href":"https:\/\/www.notre-dame-de-livoye.fr\/index.php\/wp-json\/wp\/v2\/types\/page"}],"author":[{"embeddable":true,"href":"https:\/\/www.notre-dame-de-livoye.fr\/index.php\/wp-json\/wp\/v2\/users\/1"}],"replies":[{"embeddable":true,"href":"https:\/\/www.notre-dame-de-livoye.fr\/index.php\/wp-json\/wp\/v2\/comments?post=599"}],"version-history":[{"count":25,"href":"https:\/\/www.notre-dame-de-livoye.fr\/index.php\/wp-json\/wp\/v2\/pages\/599\/revisions"}],"predecessor-version":[{"id":781,"href":"https:\/\/www.notre-dame-de-livoye.fr\/index.php\/wp-json\/wp\/v2\/pages\/599\/revisions\/781"}],"wp:attachment":[{"href":"https:\/\/www.notre-dame-de-livoye.fr\/index.php\/wp-json\/wp\/v2\/media?parent=599"}],"curies":[{"name":"wp","href":"https:\/\/api.w.org\/{rel}","templated":true}]}}