{"id":542,"date":"2020-05-24T14:43:27","date_gmt":"2020-05-24T12:43:27","guid":{"rendered":"https:\/\/www.comup-agency.fr\/nddl\/?page_id=542"},"modified":"2020-05-25T17:04:14","modified_gmt":"2020-05-25T15:04:14","slug":"consignes-de-securite","status":"publish","type":"page","link":"https:\/\/www.notre-dame-de-livoye.fr\/index.php\/consignes-de-securite\/","title":{"rendered":"<span>Consignes de s\u00e9curit\u00e9<\/span>"},"content":{"rendered":"\n<p>Voici quelques consignes de s\u00e9curit\u00e9 \u00e0 respecter lorsque les incidents suivants peuvent se produire:<\/p>\n\n\n\n<p class=\"has-medium-font-size\"><strong><span style=\"color:#f39501\" class=\"has-inline-color\">CANICULE<\/span><\/strong><\/p>\n\n\n\n<figure class=\"wp-block-table is-style-stripes\"><table class=\"has-fixed-layout\"><tbody><tr><td class=\"has-text-align-center\" data-align=\"center\"><img loading=\"lazy\" width=\"150\" height=\"150\" class=\"wp-image-562\" style=\"width: 150px;\" src=\"https:\/\/www.notre-dame-de-livoye.fr\/wp-content\/uploads\/2020\/05\/picto-canicule.png\" alt=\"\"><\/td><td>&#8211; Laisser fermer pendant la journ\u00e9e<br>&#8211; Ouvrir pendant la nuit<br>&#8211; Se mouiller et prendre des douches<br>&#8211; Boire de l\u2019eau<br>&#8211; Rep\u00e9rer les endroits climatis\u00e9s<\/td><\/tr><\/tbody><\/table><\/figure>\n\n\n\n<hr class=\"wp-block-separator is-style-wide\"\/>\n\n\n\n<p class=\"has-medium-font-size\"><strong><span style=\"color:#ff0500\" class=\"has-inline-color\">TEMPETE<\/span><\/strong><\/p>\n\n\n\n<figure class=\"wp-block-table is-style-stripes\"><table class=\"has-fixed-layout\"><tbody><tr><td class=\"has-text-align-center\" data-align=\"center\"><img loading=\"lazy\" width=\"150\" height=\"150\" class=\"wp-image-567\" style=\"width: 150px;\" src=\"https:\/\/www.notre-dame-de-livoye.fr\/wp-content\/uploads\/2020\/05\/picto-tempete.png\" alt=\"\"><\/td><td>\u2022 Ne pas sortir les enfants<br>\u2022 Eviter de prendre la route<br>\u2022 Fermer portes et fen\u00eatres<br>\u2022 Ne pas s\u2019abriter sous les arbres<br>\u2022 Ne pas s\u2019approcher des lignes EDF et t\u00e9l\u00e9phone<\/td><\/tr><\/tbody><\/table><\/figure>\n\n\n\n<hr class=\"wp-block-separator is-style-wide\"\/>\n\n\n\n<p class=\"has-medium-font-size\"><strong><span style=\"color:#ea5d15\" class=\"has-inline-color\">FUITE DE MATI\u00c8RES DANGEREUSES<\/span><\/strong><\/p>\n\n\n\n<figure class=\"wp-block-table is-style-stripes\"><table class=\"has-fixed-layout\"><tbody><tr><td class=\"has-text-align-center\" data-align=\"center\"><img loading=\"lazy\" width=\"150\" height=\"150\" class=\"wp-image-565\" style=\"width: 150px;\" src=\"https:\/\/www.notre-dame-de-livoye.fr\/wp-content\/uploads\/2020\/05\/picto-produits-dangereux.png\" alt=\"\"><\/td><td>&#8211; S\u2019\u00e9loigner<br>&#8211; Ne pas fumer<br>&#8211; Ne pas toucher les produits<br>&#8211; Ne pas t\u00e9l\u00e9phoner<br>&#8211; Se confiner dans le b\u00e2timent le plus proche, calfeutrer portes et fen\u00eatres<\/td><\/tr><\/tbody><\/table><\/figure>\n\n\n\n<hr class=\"wp-block-separator is-style-wide\"\/>\n\n\n\n<p class=\"has-medium-font-size\"><strong><span style=\"color:#ffec11\" class=\"has-inline-color\">NUISANCE SONORE<\/span><\/strong><\/p>\n\n\n\n<figure class=\"wp-block-table is-style-stripes\"><table class=\"has-fixed-layout\"><tbody><tr><td class=\"has-text-align-center\" data-align=\"center\"><img loading=\"lazy\" width=\"150\" height=\"150\" class=\"wp-image-563\" style=\"width: 150px;\" src=\"https:\/\/www.notre-dame-de-livoye.fr\/wp-content\/uploads\/2020\/05\/picto-incident-nucleaire.png\" alt=\"\"><\/td><td>Arr\u00eat\u00e9 \u00e0 mettre en ligne<\/td><\/tr><\/tbody><\/table><\/figure>\n\n\n\n<p><\/p>\n","protected":false},"excerpt":{"rendered":"<p>Voici quelques consignes de s\u00e9curit\u00e9 \u00e0 respecter lorsque les incidents suivants peuvent se produire: CANICULE &#8211; Laisser fermer pendant la journ\u00e9e&#8211; Ouvrir pendant la nuit&#8211; Se mouiller et prendre des douches&#8211; Boire de l\u2019eau&#8211; Rep\u00e9rer les endroits climatis\u00e9s TEMPETE \u2022 Ne pas sortir les enfants\u2022 Eviter de prendre la route\u2022 Fermer portes et fen\u00eatres\u2022 Ne pas s\u2019abriter sous les arbres\u2022 Ne pas s\u2019approcher des lignes EDF et t\u00e9l\u00e9phone FUITE DE MATI\u00c8RES DANGEREUSES &#8211; S\u2019\u00e9loigner&#8211; Ne pas fumer&#8211; Ne pas toucher les produits&#8211; Ne pas t\u00e9l\u00e9phoner&#8211; Se confiner dans le b\u00e2timent&hellip;<\/p>\n","protected":false},"author":1,"featured_media":0,"parent":0,"menu_order":0,"comment_status":"closed","ping_status":"closed","template":"","meta":[],"yoast_head":"<!-- This site is optimized with the Yoast SEO plugin v16.9 - https:\/\/yoast.com\/wordpress\/plugins\/seo\/ -->\n<title>Consignes de s\u00e9curit\u00e9 - Notre Dame de Livoye<\/title>\n<meta name=\"description\" content=\"Site officiel de la commune de Notre Dame de Livoye\" \/>\n<meta name=\"robots\" content=\"index, follow, max-snippet:-1, max-image-preview:large, max-video-preview:-1\" \/>\n<link rel=\"canonical\" href=\"https:\/\/www.notre-dame-de-livoye.fr\/index.php\/consignes-de-securite\/\" \/>\n<meta property=\"og:locale\" content=\"fr_FR\" \/>\n<meta property=\"og:type\" content=\"article\" \/>\n<meta property=\"og:title\" content=\"Consignes de s\u00e9curit\u00e9 - Notre Dame de Livoye\" \/>\n<meta property=\"og:description\" content=\"Site officiel de la commune de Notre Dame de Livoye\" \/>\n<meta property=\"og:url\" content=\"https:\/\/www.notre-dame-de-livoye.fr\/index.php\/consignes-de-securite\/\" \/>\n<meta property=\"og:site_name\" content=\"Notre Dame de Livoye\" \/>\n<meta property=\"article:modified_time\" content=\"2020-05-25T15:04:14+00:00\" \/>\n<meta property=\"og:image\" content=\"https:\/\/www.notre-dame-de-livoye.fr\/wp-content\/uploads\/2020\/05\/picto-canicule.png\" \/>\n<meta name=\"twitter:card\" content=\"summary_large_image\" \/>\n<meta name=\"twitter:label1\" content=\"Dur\u00e9e de lecture est.\" \/>\n\t<meta name=\"twitter:data1\" content=\"1 minute\" \/>\n<script type=\"application\/ld+json\" class=\"yoast-schema-graph\">{\"@context\":\"https:\/\/schema.org\",\"@graph\":[{\"@type\":\"Organization\",\"@id\":\"https:\/\/www.notre-dame-de-livoye.fr\/#organization\",\"name\":\"Commune de Notre Dame de Livoye\",\"url\":\"https:\/\/www.notre-dame-de-livoye.fr\/\",\"sameAs\":[],\"logo\":{\"@type\":\"ImageObject\",\"@id\":\"https:\/\/www.notre-dame-de-livoye.fr\/#logo\",\"inLanguage\":\"fr-FR\",\"url\":\"https:\/\/www.notre-dame-de-livoye.fr\/wp-content\/uploads\/2020\/05\/Sans-titre-3.png\",\"contentUrl\":\"https:\/\/www.notre-dame-de-livoye.fr\/wp-content\/uploads\/2020\/05\/Sans-titre-3.png\",\"width\":512,\"height\":512,\"caption\":\"Commune de Notre Dame de Livoye\"},\"image\":{\"@id\":\"https:\/\/www.notre-dame-de-livoye.fr\/#logo\"}},{\"@type\":\"WebSite\",\"@id\":\"https:\/\/www.notre-dame-de-livoye.fr\/#website\",\"url\":\"https:\/\/www.notre-dame-de-livoye.fr\/\",\"name\":\"Notre Dame de Livoye\",\"description\":\"Site officiel de la commune\",\"publisher\":{\"@id\":\"https:\/\/www.notre-dame-de-livoye.fr\/#organization\"},\"potentialAction\":[{\"@type\":\"SearchAction\",\"target\":{\"@type\":\"EntryPoint\",\"urlTemplate\":\"https:\/\/www.notre-dame-de-livoye.fr\/?s={search_term_string}\"},\"query-input\":\"required name=search_term_string\"}],\"inLanguage\":\"fr-FR\"},{\"@type\":\"ImageObject\",\"@id\":\"https:\/\/www.notre-dame-de-livoye.fr\/index.php\/consignes-de-securite\/#primaryimage\",\"inLanguage\":\"fr-FR\",\"url\":\"https:\/\/www.notre-dame-de-livoye.fr\/wp-content\/uploads\/2020\/05\/picto-canicule.png\",\"contentUrl\":\"https:\/\/www.notre-dame-de-livoye.fr\/wp-content\/uploads\/2020\/05\/picto-canicule.png\",\"width\":150,\"height\":150},{\"@type\":\"WebPage\",\"@id\":\"https:\/\/www.notre-dame-de-livoye.fr\/index.php\/consignes-de-securite\/#webpage\",\"url\":\"https:\/\/www.notre-dame-de-livoye.fr\/index.php\/consignes-de-securite\/\",\"name\":\"Consignes de s\\u00e9curit\\u00e9 - Notre Dame de Livoye\",\"isPartOf\":{\"@id\":\"https:\/\/www.notre-dame-de-livoye.fr\/#website\"},\"primaryImageOfPage\":{\"@id\":\"https:\/\/www.notre-dame-de-livoye.fr\/index.php\/consignes-de-securite\/#primaryimage\"},\"datePublished\":\"2020-05-24T12:43:27+00:00\",\"dateModified\":\"2020-05-25T15:04:14+00:00\",\"description\":\"Site officiel de la commune de Notre Dame de Livoye\",\"breadcrumb\":{\"@id\":\"https:\/\/www.notre-dame-de-livoye.fr\/index.php\/consignes-de-securite\/#breadcrumb\"},\"inLanguage\":\"fr-FR\",\"potentialAction\":[{\"@type\":\"ReadAction\",\"target\":[\"https:\/\/www.notre-dame-de-livoye.fr\/index.php\/consignes-de-securite\/\"]}]},{\"@type\":\"BreadcrumbList\",\"@id\":\"https:\/\/www.notre-dame-de-livoye.fr\/index.php\/consignes-de-securite\/#breadcrumb\",\"itemListElement\":[{\"@type\":\"ListItem\",\"position\":1,\"name\":\"Accueil\",\"item\":\"https:\/\/www.notre-dame-de-livoye.fr\/\"},{\"@type\":\"ListItem\",\"position\":2,\"name\":\"Consignes de s\\u00e9curit\\u00e9\"}]},{\"@type\":[\"Article\",\"\"],\"@id\":\"https:\/\/www.notre-dame-de-livoye.fr\/index.php\/consignes-de-securite\/#article\",\"isPartOf\":{\"@id\":\"https:\/\/www.notre-dame-de-livoye.fr\/index.php\/consignes-de-securite\/#webpage\"},\"author\":{\"@id\":\"https:\/\/www.notre-dame-de-livoye.fr\/#\/schema\/person\/9c674824d2155634a110aeebb72ecc10\"},\"headline\":\"Consignes de s\\u00e9curit\\u00e9\",\"datePublished\":\"2020-05-24T12:43:27+00:00\",\"dateModified\":\"2020-05-25T15:04:14+00:00\",\"mainEntityOfPage\":{\"@id\":\"https:\/\/www.notre-dame-de-livoye.fr\/index.php\/consignes-de-securite\/#webpage\"},\"wordCount\":122,\"publisher\":{\"@id\":\"https:\/\/www.notre-dame-de-livoye.fr\/#organization\"},\"image\":{\"@id\":\"https:\/\/www.notre-dame-de-livoye.fr\/index.php\/consignes-de-securite\/#primaryimage\"},\"thumbnailUrl\":\"https:\/\/www.notre-dame-de-livoye.fr\/wp-content\/uploads\/2020\/05\/picto-canicule.png\",\"inLanguage\":\"fr-FR\"},{\"@type\":\"Person\",\"@id\":\"https:\/\/www.notre-dame-de-livoye.fr\/#\/schema\/person\/9c674824d2155634a110aeebb72ecc10\",\"name\":\"Commune de Notre Dame de Livoye\",\"image\":{\"@type\":\"ImageObject\",\"@id\":\"https:\/\/www.notre-dame-de-livoye.fr\/#personlogo\",\"inLanguage\":\"fr-FR\",\"url\":\"https:\/\/secure.gravatar.com\/avatar\/734566462eef8c8a6a3f14bc1516ddd5?s=96&d=mm&r=g\",\"contentUrl\":\"https:\/\/secure.gravatar.com\/avatar\/734566462eef8c8a6a3f14bc1516ddd5?s=96&d=mm&r=g\",\"caption\":\"Commune de Notre Dame de Livoye\"},\"sameAs\":[\"https:\/\/www.notre-dame-de-livoye.fr\/\"]}]}<\/script>\n<!-- \/ Yoast SEO plugin. -->","yoast_head_json":{"title":"Consignes de s\u00e9curit\u00e9 - Notre Dame de Livoye","description":"Site officiel de la commune de Notre Dame de Livoye","robots":{"index":"index","follow":"follow","max-snippet":"max-snippet:-1","max-image-preview":"max-image-preview:large","max-video-preview":"max-video-preview:-1"},"canonical":"https:\/\/www.notre-dame-de-livoye.fr\/index.php\/consignes-de-securite\/","og_locale":"fr_FR","og_type":"article","og_title":"Consignes de s\u00e9curit\u00e9 - Notre Dame de Livoye","og_description":"Site officiel de la commune de Notre Dame de Livoye","og_url":"https:\/\/www.notre-dame-de-livoye.fr\/index.php\/consignes-de-securite\/","og_site_name":"Notre Dame de Livoye","article_modified_time":"2020-05-25T15:04:14+00:00","og_image":[{"url":"https:\/\/www.notre-dame-de-livoye.fr\/wp-content\/uploads\/2020\/05\/picto-canicule.png"}],"twitter_card":"summary_large_image","twitter_misc":{"Dur\u00e9e de lecture est.":"1 minute"},"schema":{"@context":"https:\/\/schema.org","@graph":[{"@type":"Organization","@id":"https:\/\/www.notre-dame-de-livoye.fr\/#organization","name":"Commune de Notre Dame de Livoye","url":"https:\/\/www.notre-dame-de-livoye.fr\/","sameAs":[],"logo":{"@type":"ImageObject","@id":"https:\/\/www.notre-dame-de-livoye.fr\/#logo","inLanguage":"fr-FR","url":"https:\/\/www.notre-dame-de-livoye.fr\/wp-content\/uploads\/2020\/05\/Sans-titre-3.png","contentUrl":"https:\/\/www.notre-dame-de-livoye.fr\/wp-content\/uploads\/2020\/05\/Sans-titre-3.png","width":512,"height":512,"caption":"Commune de Notre Dame de Livoye"},"image":{"@id":"https:\/\/www.notre-dame-de-livoye.fr\/#logo"}},{"@type":"WebSite","@id":"https:\/\/www.notre-dame-de-livoye.fr\/#website","url":"https:\/\/www.notre-dame-de-livoye.fr\/","name":"Notre Dame de Livoye","description":"Site officiel de la commune","publisher":{"@id":"https:\/\/www.notre-dame-de-livoye.fr\/#organization"},"potentialAction":[{"@type":"SearchAction","target":{"@type":"EntryPoint","urlTemplate":"https:\/\/www.notre-dame-de-livoye.fr\/?s={search_term_string}"},"query-input":"required name=search_term_string"}],"inLanguage":"fr-FR"},{"@type":"ImageObject","@id":"https:\/\/www.notre-dame-de-livoye.fr\/index.php\/consignes-de-securite\/#primaryimage","inLanguage":"fr-FR","url":"https:\/\/www.notre-dame-de-livoye.fr\/wp-content\/uploads\/2020\/05\/picto-canicule.png","contentUrl":"https:\/\/www.notre-dame-de-livoye.fr\/wp-content\/uploads\/2020\/05\/picto-canicule.png","width":150,"height":150},{"@type":"WebPage","@id":"https:\/\/www.notre-dame-de-livoye.fr\/index.php\/consignes-de-securite\/#webpage","url":"https:\/\/www.notre-dame-de-livoye.fr\/index.php\/consignes-de-securite\/","name":"Consignes de s\u00e9curit\u00e9 - Notre Dame de Livoye","isPartOf":{"@id":"https:\/\/www.notre-dame-de-livoye.fr\/#website"},"primaryImageOfPage":{"@id":"https:\/\/www.notre-dame-de-livoye.fr\/index.php\/consignes-de-securite\/#primaryimage"},"datePublished":"2020-05-24T12:43:27+00:00","dateModified":"2020-05-25T15:04:14+00:00","description":"Site officiel de la commune de Notre Dame de Livoye","breadcrumb":{"@id":"https:\/\/www.notre-dame-de-livoye.fr\/index.php\/consignes-de-securite\/#breadcrumb"},"inLanguage":"fr-FR","potentialAction":[{"@type":"ReadAction","target":["https:\/\/www.notre-dame-de-livoye.fr\/index.php\/consignes-de-securite\/"]}]},{"@type":"BreadcrumbList","@id":"https:\/\/www.notre-dame-de-livoye.fr\/index.php\/consignes-de-securite\/#breadcrumb","itemListElement":[{"@type":"ListItem","position":1,"name":"Accueil","item":"https:\/\/www.notre-dame-de-livoye.fr\/"},{"@type":"ListItem","position":2,"name":"Consignes de s\u00e9curit\u00e9"}]},{"@type":["Article",""],"@id":"https:\/\/www.notre-dame-de-livoye.fr\/index.php\/consignes-de-securite\/#article","isPartOf":{"@id":"https:\/\/www.notre-dame-de-livoye.fr\/index.php\/consignes-de-securite\/#webpage"},"author":{"@id":"https:\/\/www.notre-dame-de-livoye.fr\/#\/schema\/person\/9c674824d2155634a110aeebb72ecc10"},"headline":"Consignes de s\u00e9curit\u00e9","datePublished":"2020-05-24T12:43:27+00:00","dateModified":"2020-05-25T15:04:14+00:00","mainEntityOfPage":{"@id":"https:\/\/www.notre-dame-de-livoye.fr\/index.php\/consignes-de-securite\/#webpage"},"wordCount":122,"publisher":{"@id":"https:\/\/www.notre-dame-de-livoye.fr\/#organization"},"image":{"@id":"https:\/\/www.notre-dame-de-livoye.fr\/index.php\/consignes-de-securite\/#primaryimage"},"thumbnailUrl":"https:\/\/www.notre-dame-de-livoye.fr\/wp-content\/uploads\/2020\/05\/picto-canicule.png","inLanguage":"fr-FR"},{"@type":"Person","@id":"https:\/\/www.notre-dame-de-livoye.fr\/#\/schema\/person\/9c674824d2155634a110aeebb72ecc10","name":"Commune de Notre Dame de Livoye","image":{"@type":"ImageObject","@id":"https:\/\/www.notre-dame-de-livoye.fr\/#personlogo","inLanguage":"fr-FR","url":"https:\/\/secure.gravatar.com\/avatar\/734566462eef8c8a6a3f14bc1516ddd5?s=96&d=mm&r=g","contentUrl":"https:\/\/secure.gravatar.com\/avatar\/734566462eef8c8a6a3f14bc1516ddd5?s=96&d=mm&r=g","caption":"Commune de Notre Dame de Livoye"},"sameAs":["https:\/\/www.notre-dame-de-livoye.fr\/"]}]}},"_links":{"self":[{"href":"https:\/\/www.notre-dame-de-livoye.fr\/index.php\/wp-json\/wp\/v2\/pages\/542"}],"collection":[{"href":"https:\/\/www.notre-dame-de-livoye.fr\/index.php\/wp-json\/wp\/v2\/pages"}],"about":[{"href":"https:\/\/www.notre-dame-de-livoye.fr\/index.php\/wp-json\/wp\/v2\/types\/page"}],"author":[{"embeddable":true,"href":"https:\/\/www.notre-dame-de-livoye.fr\/index.php\/wp-json\/wp\/v2\/users\/1"}],"replies":[{"embeddable":true,"href":"https:\/\/www.notre-dame-de-livoye.fr\/index.php\/wp-json\/wp\/v2\/comments?post=542"}],"version-history":[{"count":15,"href":"https:\/\/www.notre-dame-de-livoye.fr\/index.php\/wp-json\/wp\/v2\/pages\/542\/revisions"}],"predecessor-version":[{"id":661,"href":"https:\/\/www.notre-dame-de-livoye.fr\/index.php\/wp-json\/wp\/v2\/pages\/542\/revisions\/661"}],"wp:attachment":[{"href":"https:\/\/www.notre-dame-de-livoye.fr\/index.php\/wp-json\/wp\/v2\/media?parent=542"}],"curies":[{"name":"wp","href":"https:\/\/api.w.org\/{rel}","templated":true}]}}