{"id":465,"date":"2020-05-23T18:17:34","date_gmt":"2020-05-23T16:17:34","guid":{"rendered":"https:\/\/www.comup-agency.fr\/nddl\/?page_id=465"},"modified":"2020-05-28T02:47:55","modified_gmt":"2020-05-28T00:47:55","slug":"contactez-nous","status":"publish","type":"page","link":"https:\/\/www.notre-dame-de-livoye.fr\/index.php\/contactez-nous\/","title":{"rendered":"<span>Contactez-nous<\/span>"},"content":{"rendered":"\n<p>Par t\u00e9l\u00e9phone au <a href=\"tel:0233609177\"><img loading=\"lazy\" width=\"150\" height=\"50\" class=\"wp-image-763\" style=\"width: 150px;\" src=\"https:\/\/www.notre-dame-de-livoye.fr\/wp-content\/uploads\/2020\/05\/telephone-1.png\" alt=\"\"><\/a> (appel non surtax\u00e9)<\/p>\n\n\n\n<hr class=\"wp-block-separator is-style-wide\"\/>\n\n\n\n<p><\/p>\n\n\n\n<p>Directement via notre formulaire de contact ci-dessous:<br><div role=\"form\" class=\"wpcf7\" id=\"wpcf7-f456-o1\" lang=\"fr-FR\" dir=\"ltr\">\n<div class=\"screen-reader-response\"><p role=\"status\" aria-live=\"polite\" aria-atomic=\"true\"><\/p> <ul><\/ul><\/div>\n<form action=\"\/index.php\/wp-json\/wp\/v2\/pages\/465#wpcf7-f456-o1\" method=\"post\" class=\"wpcf7-form init\" novalidate=\"novalidate\" data-status=\"init\">\n<div style=\"display: none;\">\n<input type=\"hidden\" name=\"_wpcf7\" value=\"456\" \/>\n<input type=\"hidden\" name=\"_wpcf7_version\" value=\"5.4.2\" \/>\n<input type=\"hidden\" name=\"_wpcf7_locale\" value=\"fr_FR\" \/>\n<input type=\"hidden\" name=\"_wpcf7_unit_tag\" value=\"wpcf7-f456-o1\" \/>\n<input type=\"hidden\" name=\"_wpcf7_container_post\" value=\"0\" \/>\n<input type=\"hidden\" name=\"_wpcf7_posted_data_hash\" value=\"\" \/>\n<\/div>\n<p><label> Votre nom et pr\u00e9nom (obligatoire)<br \/>\n    <span class=\"wpcf7-form-control-wrap your-name\"><input type=\"text\" name=\"your-name\" value=\"\" size=\"40\" class=\"wpcf7-form-control wpcf7-text wpcf7-validates-as-required\" aria-required=\"true\" aria-invalid=\"false\" \/><\/span> <\/label><\/p>\n<p><label> Votre adresse de messagerie (obligatoire)<br \/>\n    <span class=\"wpcf7-form-control-wrap your-email\"><input type=\"email\" name=\"your-email\" value=\"\" size=\"40\" class=\"wpcf7-form-control wpcf7-text wpcf7-email wpcf7-validates-as-required wpcf7-validates-as-email\" aria-required=\"true\" aria-invalid=\"false\" \/><\/span> <\/label><\/p>\n<p><label> Votre num\u00e9ro de t\u00e9l\u00e9phone<br \/>\n    <span class=\"wpcf7-form-control-wrap tel-919\"><input type=\"tel\" name=\"tel-919\" value=\"\" size=\"40\" class=\"wpcf7-form-control wpcf7-text wpcf7-tel wpcf7-validates-as-tel\" aria-invalid=\"false\" \/><\/span> <\/label><\/p>\n<p><label> Objet<br \/>\n    <span class=\"wpcf7-form-control-wrap your-subject\"><input type=\"text\" name=\"your-subject\" value=\"\" size=\"40\" class=\"wpcf7-form-control wpcf7-text\" aria-invalid=\"false\" \/><\/span> <\/label><\/p>\n<p><label> Votre message (obligatoire)<br \/>\n    <span class=\"wpcf7-form-control-wrap your-message\"><textarea name=\"your-message\" cols=\"40\" rows=\"10\" class=\"wpcf7-form-control wpcf7-textarea wpcf7-validates-as-required\" aria-required=\"true\" aria-invalid=\"false\"><\/textarea><\/span> <\/label><\/p>\n<p><input type=\"submit\" value=\"Envoyer\" class=\"wpcf7-form-control wpcf7-submit\" \/><\/p>\n<div class=\"wpcf7-response-output\" aria-hidden=\"true\"><\/div><\/form><\/div>\n\n\n\n<hr class=\"wp-block-separator is-style-wide\"\/>\n\n\n\n<p><strong>Comment s&#8217;y rendre ?<\/strong><\/p>\n\n\n\n<iframe loading=\"lazy\" src=\"https:\/\/www.google.com\/maps\/embed?pb=!1m18!1m12!1m3!1d2631.0139144485292!2d-1.207738584329688!3d48.74343097927639!2m3!1f0!2f0!3f0!3m2!1i1024!2i768!4f13.1!3m3!1m2!1s0x480be2d2bed5a14b%3A0x19ca1d84c56f7b6f!2sMairie!5e0!3m2!1sfr!2sfr!4v1590252181393!5m2!1sfr!2sfr\" width=\"100%\" height=\"450\" frameborder=\"0\" style=\"border:0;\" allowfullscreen=\"\" aria-hidden=\"false\" tabindex=\"0\"><\/iframe>\n","protected":false},"excerpt":{"rendered":"<p>Par t\u00e9l\u00e9phone au (appel non surtax\u00e9) Directement via notre formulaire de contact ci-dessous: Comment s&#8217;y rendre ?<\/p>\n","protected":false},"author":1,"featured_media":0,"parent":0,"menu_order":0,"comment_status":"closed","ping_status":"closed","template":"","meta":[],"yoast_head":"<!-- This site is optimized with the Yoast SEO plugin v16.9 - https:\/\/yoast.com\/wordpress\/plugins\/seo\/ -->\n<title>Contactez-nous - Notre Dame de Livoye<\/title>\n<meta name=\"description\" content=\"Site officiel de la commune de Notre Dame de Livoye\" \/>\n<meta name=\"robots\" content=\"index, follow, max-snippet:-1, max-image-preview:large, max-video-preview:-1\" \/>\n<link rel=\"canonical\" href=\"https:\/\/www.notre-dame-de-livoye.fr\/index.php\/contactez-nous\/\" \/>\n<meta property=\"og:locale\" content=\"fr_FR\" \/>\n<meta property=\"og:type\" content=\"article\" \/>\n<meta property=\"og:title\" content=\"Contactez-nous - Notre Dame de Livoye\" \/>\n<meta property=\"og:description\" content=\"Site officiel de la commune de Notre Dame de Livoye\" \/>\n<meta property=\"og:url\" content=\"https:\/\/www.notre-dame-de-livoye.fr\/index.php\/contactez-nous\/\" \/>\n<meta property=\"og:site_name\" content=\"Notre Dame de Livoye\" \/>\n<meta property=\"article:modified_time\" content=\"2020-05-28T00:47:55+00:00\" \/>\n<meta property=\"og:image\" content=\"https:\/\/www.notre-dame-de-livoye.fr\/wp-content\/uploads\/2020\/05\/telephone-1.png\" \/>\n<meta name=\"twitter:card\" content=\"summary_large_image\" \/>\n<script type=\"application\/ld+json\" class=\"yoast-schema-graph\">{\"@context\":\"https:\/\/schema.org\",\"@graph\":[{\"@type\":\"Organization\",\"@id\":\"https:\/\/www.notre-dame-de-livoye.fr\/#organization\",\"name\":\"Commune de Notre Dame de Livoye\",\"url\":\"https:\/\/www.notre-dame-de-livoye.fr\/\",\"sameAs\":[],\"logo\":{\"@type\":\"ImageObject\",\"@id\":\"https:\/\/www.notre-dame-de-livoye.fr\/#logo\",\"inLanguage\":\"fr-FR\",\"url\":\"https:\/\/www.notre-dame-de-livoye.fr\/wp-content\/uploads\/2020\/05\/Sans-titre-3.png\",\"contentUrl\":\"https:\/\/www.notre-dame-de-livoye.fr\/wp-content\/uploads\/2020\/05\/Sans-titre-3.png\",\"width\":512,\"height\":512,\"caption\":\"Commune de Notre Dame de Livoye\"},\"image\":{\"@id\":\"https:\/\/www.notre-dame-de-livoye.fr\/#logo\"}},{\"@type\":\"WebSite\",\"@id\":\"https:\/\/www.notre-dame-de-livoye.fr\/#website\",\"url\":\"https:\/\/www.notre-dame-de-livoye.fr\/\",\"name\":\"Notre Dame de Livoye\",\"description\":\"Site officiel de la commune\",\"publisher\":{\"@id\":\"https:\/\/www.notre-dame-de-livoye.fr\/#organization\"},\"potentialAction\":[{\"@type\":\"SearchAction\",\"target\":{\"@type\":\"EntryPoint\",\"urlTemplate\":\"https:\/\/www.notre-dame-de-livoye.fr\/?s={search_term_string}\"},\"query-input\":\"required name=search_term_string\"}],\"inLanguage\":\"fr-FR\"},{\"@type\":\"ImageObject\",\"@id\":\"https:\/\/www.notre-dame-de-livoye.fr\/index.php\/contactez-nous\/#primaryimage\",\"inLanguage\":\"fr-FR\",\"url\":\"https:\/\/www.notre-dame-de-livoye.fr\/wp-content\/uploads\/2020\/05\/telephone-1.png\",\"contentUrl\":\"https:\/\/www.notre-dame-de-livoye.fr\/wp-content\/uploads\/2020\/05\/telephone-1.png\",\"width\":150,\"height\":50},{\"@type\":\"WebPage\",\"@id\":\"https:\/\/www.notre-dame-de-livoye.fr\/index.php\/contactez-nous\/#webpage\",\"url\":\"https:\/\/www.notre-dame-de-livoye.fr\/index.php\/contactez-nous\/\",\"name\":\"Contactez-nous - Notre Dame de Livoye\",\"isPartOf\":{\"@id\":\"https:\/\/www.notre-dame-de-livoye.fr\/#website\"},\"primaryImageOfPage\":{\"@id\":\"https:\/\/www.notre-dame-de-livoye.fr\/index.php\/contactez-nous\/#primaryimage\"},\"datePublished\":\"2020-05-23T16:17:34+00:00\",\"dateModified\":\"2020-05-28T00:47:55+00:00\",\"description\":\"Site officiel de la commune de Notre Dame de Livoye\",\"breadcrumb\":{\"@id\":\"https:\/\/www.notre-dame-de-livoye.fr\/index.php\/contactez-nous\/#breadcrumb\"},\"inLanguage\":\"fr-FR\",\"potentialAction\":[{\"@type\":\"ReadAction\",\"target\":[\"https:\/\/www.notre-dame-de-livoye.fr\/index.php\/contactez-nous\/\"]}]},{\"@type\":\"BreadcrumbList\",\"@id\":\"https:\/\/www.notre-dame-de-livoye.fr\/index.php\/contactez-nous\/#breadcrumb\",\"itemListElement\":[{\"@type\":\"ListItem\",\"position\":1,\"name\":\"Accueil\",\"item\":\"https:\/\/www.notre-dame-de-livoye.fr\/\"},{\"@type\":\"ListItem\",\"position\":2,\"name\":\"Contactez-nous\"}]},{\"@type\":[\"Article\",\"\"],\"@id\":\"https:\/\/www.notre-dame-de-livoye.fr\/index.php\/contactez-nous\/#article\",\"isPartOf\":{\"@id\":\"https:\/\/www.notre-dame-de-livoye.fr\/index.php\/contactez-nous\/#webpage\"},\"author\":{\"@id\":\"https:\/\/www.notre-dame-de-livoye.fr\/#\/schema\/person\/9c674824d2155634a110aeebb72ecc10\"},\"headline\":\"Contactez-nous\",\"datePublished\":\"2020-05-23T16:17:34+00:00\",\"dateModified\":\"2020-05-28T00:47:55+00:00\",\"mainEntityOfPage\":{\"@id\":\"https:\/\/www.notre-dame-de-livoye.fr\/index.php\/contactez-nous\/#webpage\"},\"wordCount\":25,\"publisher\":{\"@id\":\"https:\/\/www.notre-dame-de-livoye.fr\/#organization\"},\"image\":{\"@id\":\"https:\/\/www.notre-dame-de-livoye.fr\/index.php\/contactez-nous\/#primaryimage\"},\"thumbnailUrl\":\"https:\/\/www.notre-dame-de-livoye.fr\/wp-content\/uploads\/2020\/05\/telephone-1.png\",\"inLanguage\":\"fr-FR\"},{\"@type\":\"Person\",\"@id\":\"https:\/\/www.notre-dame-de-livoye.fr\/#\/schema\/person\/9c674824d2155634a110aeebb72ecc10\",\"name\":\"Commune de Notre Dame de Livoye\",\"image\":{\"@type\":\"ImageObject\",\"@id\":\"https:\/\/www.notre-dame-de-livoye.fr\/#personlogo\",\"inLanguage\":\"fr-FR\",\"url\":\"https:\/\/secure.gravatar.com\/avatar\/734566462eef8c8a6a3f14bc1516ddd5?s=96&d=mm&r=g\",\"contentUrl\":\"https:\/\/secure.gravatar.com\/avatar\/734566462eef8c8a6a3f14bc1516ddd5?s=96&d=mm&r=g\",\"caption\":\"Commune de Notre Dame de Livoye\"},\"sameAs\":[\"https:\/\/www.notre-dame-de-livoye.fr\/\"]}]}<\/script>\n<!-- \/ Yoast SEO plugin. -->","yoast_head_json":{"title":"Contactez-nous - Notre Dame de Livoye","description":"Site officiel de la commune de Notre Dame de Livoye","robots":{"index":"index","follow":"follow","max-snippet":"max-snippet:-1","max-image-preview":"max-image-preview:large","max-video-preview":"max-video-preview:-1"},"canonical":"https:\/\/www.notre-dame-de-livoye.fr\/index.php\/contactez-nous\/","og_locale":"fr_FR","og_type":"article","og_title":"Contactez-nous - Notre Dame de Livoye","og_description":"Site officiel de la commune de Notre Dame de Livoye","og_url":"https:\/\/www.notre-dame-de-livoye.fr\/index.php\/contactez-nous\/","og_site_name":"Notre Dame de Livoye","article_modified_time":"2020-05-28T00:47:55+00:00","og_image":[{"url":"https:\/\/www.notre-dame-de-livoye.fr\/wp-content\/uploads\/2020\/05\/telephone-1.png"}],"twitter_card":"summary_large_image","schema":{"@context":"https:\/\/schema.org","@graph":[{"@type":"Organization","@id":"https:\/\/www.notre-dame-de-livoye.fr\/#organization","name":"Commune de Notre Dame de Livoye","url":"https:\/\/www.notre-dame-de-livoye.fr\/","sameAs":[],"logo":{"@type":"ImageObject","@id":"https:\/\/www.notre-dame-de-livoye.fr\/#logo","inLanguage":"fr-FR","url":"https:\/\/www.notre-dame-de-livoye.fr\/wp-content\/uploads\/2020\/05\/Sans-titre-3.png","contentUrl":"https:\/\/www.notre-dame-de-livoye.fr\/wp-content\/uploads\/2020\/05\/Sans-titre-3.png","width":512,"height":512,"caption":"Commune de Notre Dame de Livoye"},"image":{"@id":"https:\/\/www.notre-dame-de-livoye.fr\/#logo"}},{"@type":"WebSite","@id":"https:\/\/www.notre-dame-de-livoye.fr\/#website","url":"https:\/\/www.notre-dame-de-livoye.fr\/","name":"Notre Dame de Livoye","description":"Site officiel de la commune","publisher":{"@id":"https:\/\/www.notre-dame-de-livoye.fr\/#organization"},"potentialAction":[{"@type":"SearchAction","target":{"@type":"EntryPoint","urlTemplate":"https:\/\/www.notre-dame-de-livoye.fr\/?s={search_term_string}"},"query-input":"required name=search_term_string"}],"inLanguage":"fr-FR"},{"@type":"ImageObject","@id":"https:\/\/www.notre-dame-de-livoye.fr\/index.php\/contactez-nous\/#primaryimage","inLanguage":"fr-FR","url":"https:\/\/www.notre-dame-de-livoye.fr\/wp-content\/uploads\/2020\/05\/telephone-1.png","contentUrl":"https:\/\/www.notre-dame-de-livoye.fr\/wp-content\/uploads\/2020\/05\/telephone-1.png","width":150,"height":50},{"@type":"WebPage","@id":"https:\/\/www.notre-dame-de-livoye.fr\/index.php\/contactez-nous\/#webpage","url":"https:\/\/www.notre-dame-de-livoye.fr\/index.php\/contactez-nous\/","name":"Contactez-nous - Notre Dame de Livoye","isPartOf":{"@id":"https:\/\/www.notre-dame-de-livoye.fr\/#website"},"primaryImageOfPage":{"@id":"https:\/\/www.notre-dame-de-livoye.fr\/index.php\/contactez-nous\/#primaryimage"},"datePublished":"2020-05-23T16:17:34+00:00","dateModified":"2020-05-28T00:47:55+00:00","description":"Site officiel de la commune de Notre Dame de Livoye","breadcrumb":{"@id":"https:\/\/www.notre-dame-de-livoye.fr\/index.php\/contactez-nous\/#breadcrumb"},"inLanguage":"fr-FR","potentialAction":[{"@type":"ReadAction","target":["https:\/\/www.notre-dame-de-livoye.fr\/index.php\/contactez-nous\/"]}]},{"@type":"BreadcrumbList","@id":"https:\/\/www.notre-dame-de-livoye.fr\/index.php\/contactez-nous\/#breadcrumb","itemListElement":[{"@type":"ListItem","position":1,"name":"Accueil","item":"https:\/\/www.notre-dame-de-livoye.fr\/"},{"@type":"ListItem","position":2,"name":"Contactez-nous"}]},{"@type":["Article",""],"@id":"https:\/\/www.notre-dame-de-livoye.fr\/index.php\/contactez-nous\/#article","isPartOf":{"@id":"https:\/\/www.notre-dame-de-livoye.fr\/index.php\/contactez-nous\/#webpage"},"author":{"@id":"https:\/\/www.notre-dame-de-livoye.fr\/#\/schema\/person\/9c674824d2155634a110aeebb72ecc10"},"headline":"Contactez-nous","datePublished":"2020-05-23T16:17:34+00:00","dateModified":"2020-05-28T00:47:55+00:00","mainEntityOfPage":{"@id":"https:\/\/www.notre-dame-de-livoye.fr\/index.php\/contactez-nous\/#webpage"},"wordCount":25,"publisher":{"@id":"https:\/\/www.notre-dame-de-livoye.fr\/#organization"},"image":{"@id":"https:\/\/www.notre-dame-de-livoye.fr\/index.php\/contactez-nous\/#primaryimage"},"thumbnailUrl":"https:\/\/www.notre-dame-de-livoye.fr\/wp-content\/uploads\/2020\/05\/telephone-1.png","inLanguage":"fr-FR"},{"@type":"Person","@id":"https:\/\/www.notre-dame-de-livoye.fr\/#\/schema\/person\/9c674824d2155634a110aeebb72ecc10","name":"Commune de Notre Dame de Livoye","image":{"@type":"ImageObject","@id":"https:\/\/www.notre-dame-de-livoye.fr\/#personlogo","inLanguage":"fr-FR","url":"https:\/\/secure.gravatar.com\/avatar\/734566462eef8c8a6a3f14bc1516ddd5?s=96&d=mm&r=g","contentUrl":"https:\/\/secure.gravatar.com\/avatar\/734566462eef8c8a6a3f14bc1516ddd5?s=96&d=mm&r=g","caption":"Commune de Notre Dame de Livoye"},"sameAs":["https:\/\/www.notre-dame-de-livoye.fr\/"]}]}},"_links":{"self":[{"href":"https:\/\/www.notre-dame-de-livoye.fr\/index.php\/wp-json\/wp\/v2\/pages\/465"}],"collection":[{"href":"https:\/\/www.notre-dame-de-livoye.fr\/index.php\/wp-json\/wp\/v2\/pages"}],"about":[{"href":"https:\/\/www.notre-dame-de-livoye.fr\/index.php\/wp-json\/wp\/v2\/types\/page"}],"author":[{"embeddable":true,"href":"https:\/\/www.notre-dame-de-livoye.fr\/index.php\/wp-json\/wp\/v2\/users\/1"}],"replies":[{"embeddable":true,"href":"https:\/\/www.notre-dame-de-livoye.fr\/index.php\/wp-json\/wp\/v2\/comments?post=465"}],"version-history":[{"count":8,"href":"https:\/\/www.notre-dame-de-livoye.fr\/index.php\/wp-json\/wp\/v2\/pages\/465\/revisions"}],"predecessor-version":[{"id":765,"href":"https:\/\/www.notre-dame-de-livoye.fr\/index.php\/wp-json\/wp\/v2\/pages\/465\/revisions\/765"}],"wp:attachment":[{"href":"https:\/\/www.notre-dame-de-livoye.fr\/index.php\/wp-json\/wp\/v2\/media?parent=465"}],"curies":[{"name":"wp","href":"https:\/\/api.w.org\/{rel}","templated":true}]}}